{"id":348,"date":"2021-11-29T21:47:11","date_gmt":"2021-11-29T18:47:11","guid":{"rendered":"https:\/\/halicgoldenhorn.org\/?page_id=348"},"modified":"2021-12-01T20:54:40","modified_gmt":"2021-12-01T17:54:40","slug":"2-aralik","status":"publish","type":"page","link":"https:\/\/www.halicfilmfest.org\/index.php\/2-aralik\/","title":{"rendered":"2 Aral\u0131k"},"content":{"rendered":"<h1><strong>2 Aral\u0131k G\u00f6sterim Program\u0131<\/strong><\/h1>\n<p>\t\t\t\t\t\t\t\t\t\t\t<a href=\"https:\/\/halicgoldenhorn.org\/index.php\/2-aralik\/the-coming-of-spring\/\" target=\"_blank\" rel=\"noopener noreferrer\"><br \/>\n\t\t\t\t\t\t\t<img decoding=\"async\" width=\"560\" height=\"800\" src=\"https:\/\/halicgoldenhorn.org\/wp-content\/uploads\/2021\/11\/The-coming-of-spring-poster.jpg\" alt=\"\" loading=\"lazy\" srcset=\"https:\/\/halicgoldenhorn.org\/wp-content\/uploads\/2021\/11\/The-coming-of-spring-poster.jpg 560w, https:\/\/halicgoldenhorn.org\/wp-content\/uploads\/2021\/11\/The-coming-of-spring-poster-210x300.jpg 210w\" sizes=\"auto, (max-width: 560px) 100vw, 560px\" \/>\t\t\t\t\t\t\t\t<\/a><br \/>\n\t\t\t\t\t\t\t\t\t\t\t<a href=\"https:\/\/halicgoldenhorn.org\/index.php\/2-aralik\/salah\/\" target=\"_blank\" rel=\"noopener noreferrer\"><br \/>\n\t\t\t\t\t\t\t<img decoding=\"async\" width=\"566\" height=\"800\" src=\"https:\/\/halicgoldenhorn.org\/wp-content\/uploads\/2021\/11\/Salah-poster.jpg\" alt=\"\" loading=\"lazy\" srcset=\"https:\/\/halicgoldenhorn.org\/wp-content\/uploads\/2021\/11\/Salah-poster.jpg 566w, https:\/\/halicgoldenhorn.org\/wp-content\/uploads\/2021\/11\/Salah-poster-212x300.jpg 212w\" sizes=\"auto, (max-width: 566px) 100vw, 566px\" \/>\t\t\t\t\t\t\t\t<\/a><br \/>\n\t\t\t\t\t\t\t\t\t\t\t<a href=\"https:\/\/halicgoldenhorn.org\/index.php\/2-aralik\/on-off\/\" target=\"_blank\" rel=\"noopener noreferrer\"><br \/>\n\t\t\t\t\t\t\t<img decoding=\"async\" width=\"621\" height=\"800\" src=\"https:\/\/halicgoldenhorn.org\/wp-content\/uploads\/2021\/11\/On-Off-poster.jpg\" alt=\"\" loading=\"lazy\" srcset=\"https:\/\/halicgoldenhorn.org\/wp-content\/uploads\/2021\/11\/On-Off-poster.jpg 621w, https:\/\/halicgoldenhorn.org\/wp-content\/uploads\/2021\/11\/On-Off-poster-233x300.jpg 233w\" sizes=\"auto, (max-width: 621px) 100vw, 621px\" \/>\t\t\t\t\t\t\t\t<\/a><br \/>\n\t\t\t\t\t\t\t\t\t\t\t<a href=\"https:\/\/halicgoldenhorn.org\/index.php\/2-aralik\/lacivert-gece\/\" target=\"_blank\" rel=\"noopener noreferrer\"><br \/>\n\t\t\t\t\t\t\t<img decoding=\"async\" width=\"717\" height=\"1024\" src=\"https:\/\/halicgoldenhorn.org\/wp-content\/uploads\/2021\/11\/Lacivergece-afistr-717x1024.jpg\" alt=\"\" loading=\"lazy\" srcset=\"https:\/\/halicgoldenhorn.org\/wp-content\/uploads\/2021\/11\/Lacivergece-afistr-717x1024.jpg 717w, https:\/\/halicgoldenhorn.org\/wp-content\/uploads\/2021\/11\/Lacivergece-afistr-210x300.jpg 210w, https:\/\/halicgoldenhorn.org\/wp-content\/uploads\/2021\/11\/Lacivergece-afistr-768x1097.jpg 768w, https:\/\/halicgoldenhorn.org\/wp-content\/uploads\/2021\/11\/Lacivergece-afistr-1075x1536.jpg 1075w, https:\/\/halicgoldenhorn.org\/wp-content\/uploads\/2021\/11\/Lacivergece-afistr-1434x2048.jpg 1434w, https:\/\/halicgoldenhorn.org\/wp-content\/uploads\/2021\/11\/Lacivergece-afistr-scaled.jpg 1792w\" sizes=\"auto, (max-width: 717px) 100vw, 717px\" \/>\t\t\t\t\t\t\t\t<\/a><br \/>\n\t\t\t\t\t\t\t\t\t\t\t<a href=\"https:\/\/halicgoldenhorn.org\/index.php\/2-aralik\/hearts-road\/\" target=\"_blank\" rel=\"noopener noreferrer\"><br \/>\n\t\t\t\t\t\t\t<img decoding=\"async\" width=\"618\" height=\"800\" src=\"https:\/\/halicgoldenhorn.org\/wp-content\/uploads\/2021\/11\/Hearts-Road-poster.jpg\" alt=\"\" loading=\"lazy\" srcset=\"https:\/\/halicgoldenhorn.org\/wp-content\/uploads\/2021\/11\/Hearts-Road-poster.jpg 618w, https:\/\/halicgoldenhorn.org\/wp-content\/uploads\/2021\/11\/Hearts-Road-poster-232x300.jpg 232w\" sizes=\"auto, (max-width: 618px) 100vw, 618px\" \/>\t\t\t\t\t\t\t\t<\/a><br \/>\n\t\t\t\t\t\t\t\t\t\t\t<a href=\"https:\/\/halicgoldenhorn.org\/index.php\/2-aralik\/alnin-tabiati\/\" target=\"_blank\" rel=\"noopener noreferrer\"><br \/>\n\t\t\t\t\t\t\t<img decoding=\"async\" width=\"724\" height=\"1024\" src=\"https:\/\/halicgoldenhorn.org\/wp-content\/uploads\/2021\/12\/ali-nin-tabiati-poster-724x1024.jpg\" alt=\"\" loading=\"lazy\" srcset=\"https:\/\/halicgoldenhorn.org\/wp-content\/uploads\/2021\/12\/ali-nin-tabiati-poster-724x1024.jpg 724w, https:\/\/halicgoldenhorn.org\/wp-content\/uploads\/2021\/12\/ali-nin-tabiati-poster-212x300.jpg 212w, https:\/\/halicgoldenhorn.org\/wp-content\/uploads\/2021\/12\/ali-nin-tabiati-poster-768x1086.jpg 768w, https:\/\/halicgoldenhorn.org\/wp-content\/uploads\/2021\/12\/ali-nin-tabiati-poster-1086x1536.jpg 1086w, https:\/\/halicgoldenhorn.org\/wp-content\/uploads\/2021\/12\/ali-nin-tabiati-poster-1448x2048.jpg 1448w, https:\/\/halicgoldenhorn.org\/wp-content\/uploads\/2021\/12\/ali-nin-tabiati-poster.jpg 1587w\" sizes=\"auto, (max-width: 724px) 100vw, 724px\" \/>\t\t\t\t\t\t\t\t<\/a><br \/>\n\t\t\t\t\t\t\t\t\t\t\t<a href=\"https:\/\/halicgoldenhorn.org\/index.php\/2-aralik\/2-0\/\" target=\"_blank\" rel=\"noopener noreferrer\"><br \/>\n\t\t\t\t\t\t\t<img decoding=\"async\" width=\"566\" height=\"800\" src=\"https:\/\/halicgoldenhorn.org\/wp-content\/uploads\/2021\/11\/2-0-poster.jpg\" alt=\"\" loading=\"lazy\" srcset=\"https:\/\/halicgoldenhorn.org\/wp-content\/uploads\/2021\/11\/2-0-poster.jpg 566w, https:\/\/halicgoldenhorn.org\/wp-content\/uploads\/2021\/11\/2-0-poster-212x300.jpg 212w\" sizes=\"auto, (max-width: 566px) 100vw, 566px\" \/>\t\t\t\t\t\t\t\t<\/a><br \/>\n\t\t\t\t\t\t\t\t\t\t\t<a href=\"https:\/\/halicgoldenhorn.org\/index.php\/2-aralik\/maqam-salonica\/\" target=\"_blank\" rel=\"noopener noreferrer\"><br \/>\n\t\t\t\t\t\t\t<img decoding=\"async\" width=\"1024\" height=\"576\" src=\"https:\/\/halicgoldenhorn.org\/wp-content\/uploads\/2021\/11\/Maqam-Salonica-1-1024x576.jpg\" alt=\"\" loading=\"lazy\" srcset=\"https:\/\/halicgoldenhorn.org\/wp-content\/uploads\/2021\/11\/Maqam-Salonica-1-1024x576.jpg 1024w, https:\/\/halicgoldenhorn.org\/wp-content\/uploads\/2021\/11\/Maqam-Salonica-1-300x169.jpg 300w, https:\/\/halicgoldenhorn.org\/wp-content\/uploads\/2021\/11\/Maqam-Salonica-1-768x432.jpg 768w, https:\/\/halicgoldenhorn.org\/wp-content\/uploads\/2021\/11\/Maqam-Salonica-1.jpg 1366w\" sizes=\"auto, (max-width: 1024px) 100vw, 1024px\" \/>\t\t\t\t\t\t\t\t<\/a><\/p>\n","protected":false},"excerpt":{"rendered":"<p>2 Aral\u0131k G\u00f6sterim Program\u0131<\/p>\n","protected":false},"author":1,"featured_media":0,"parent":0,"menu_order":0,"comment_status":"closed","ping_status":"closed","template":"","meta":{"site-sidebar-layout":"no-sidebar","site-content-layout":"page-builder","ast-site-content-layout":"default","site-content-style":"default","site-sidebar-style":"default","ast-global-header-display":"","ast-banner-title-visibility":"","ast-main-header-display":"","ast-hfb-above-header-display":"","ast-hfb-below-header-display":"","ast-hfb-mobile-header-display":"","site-post-title":"disabled","ast-breadcrumbs-content":"","ast-featured-img":"disabled","footer-sml-layout":"","theme-transparent-header-meta":"default","adv-header-id-meta":"","stick-header-meta":"","header-above-stick-meta":"","header-main-stick-meta":"","header-below-stick-meta":"","astra-migrate-meta-layouts":"default","ast-page-background-enabled":"default","ast-page-background-meta":{"desktop":{"background-color":"","background-image":"","background-repeat":"repeat","background-position":"center center","background-size":"auto","background-attachment":"scroll","background-type":"","background-media":"","overlay-type":"","overlay-color":"","overlay-opacity":"","overlay-gradient":""},"tablet":{"background-color":"","background-image":"","background-repeat":"repeat","background-position":"center center","background-size":"auto","background-attachment":"scroll","background-type":"","background-media":"","overlay-type":"","overlay-color":"","overlay-opacity":"","overlay-gradient":""},"mobile":{"background-color":"","background-image":"","background-repeat":"repeat","background-position":"center center","background-size":"auto","background-attachment":"scroll","background-type":"","background-media":"","overlay-type":"","overlay-color":"","overlay-opacity":"","overlay-gradient":""}},"ast-content-background-meta":{"desktop":{"background-color":"var(--ast-global-color-5)","background-image":"","background-repeat":"repeat","background-position":"center center","background-size":"auto","background-attachment":"scroll","background-type":"","background-media":"","overlay-type":"","overlay-color":"","overlay-opacity":"","overlay-gradient":""},"tablet":{"background-color":"var(--ast-global-color-5)","background-image":"","background-repeat":"repeat","background-position":"center center","background-size":"auto","background-attachment":"scroll","background-type":"","background-media":"","overlay-type":"","overlay-color":"","overlay-opacity":"","overlay-gradient":""},"mobile":{"background-color":"var(--ast-global-color-5)","background-image":"","background-repeat":"repeat","background-position":"center center","background-size":"auto","background-attachment":"scroll","background-type":"","background-media":"","overlay-type":"","overlay-color":"","overlay-opacity":"","overlay-gradient":""}},"footnotes":""},"class_list":["post-348","page","type-page","status-publish","hentry"],"_links":{"self":[{"href":"https:\/\/www.halicfilmfest.org\/index.php\/wp-json\/wp\/v2\/pages\/348","targetHints":{"allow":["GET"]}}],"collection":[{"href":"https:\/\/www.halicfilmfest.org\/index.php\/wp-json\/wp\/v2\/pages"}],"about":[{"href":"https:\/\/www.halicfilmfest.org\/index.php\/wp-json\/wp\/v2\/types\/page"}],"author":[{"embeddable":true,"href":"https:\/\/www.halicfilmfest.org\/index.php\/wp-json\/wp\/v2\/users\/1"}],"replies":[{"embeddable":true,"href":"https:\/\/www.halicfilmfest.org\/index.php\/wp-json\/wp\/v2\/comments?post=348"}],"version-history":[{"count":14,"href":"https:\/\/www.halicfilmfest.org\/index.php\/wp-json\/wp\/v2\/pages\/348\/revisions"}],"predecessor-version":[{"id":531,"href":"https:\/\/www.halicfilmfest.org\/index.php\/wp-json\/wp\/v2\/pages\/348\/revisions\/531"}],"wp:attachment":[{"href":"https:\/\/www.halicfilmfest.org\/index.php\/wp-json\/wp\/v2\/media?parent=348"}],"curies":[{"name":"wp","href":"https:\/\/api.w.org\/{rel}","templated":true}]}}