{"id":2263,"date":"2025-12-21T20:40:05","date_gmt":"2025-12-21T17:40:05","guid":{"rendered":"https:\/\/www.halicfilmfest.org\/?page_id=2263"},"modified":"2025-12-21T20:51:27","modified_gmt":"2025-12-21T17:51:27","slug":"awards-2025-2","status":"publish","type":"page","link":"https:\/\/www.halicfilmfest.org\/index.php\/en\/awards-2025-2\/","title":{"rendered":"Awards 2025"},"content":{"rendered":"<p>5th Halic GoldenHorn International Film Festival awards<\/p>\n<p data-start=\"79\" data-end=\"481\">Organized by <strong data-start=\"92\" data-end=\"116\">Fotofilm Culture Art<\/strong> in collaboration with the <strong data-start=\"143\" data-end=\"200\">Faculty of Communication of Istanbul Ayd\u0131n University<\/strong>, the <strong data-start=\"206\" data-end=\"258\">5th Hali\u00e7 Goldenhorn International Film Festival<\/strong> was successfully held in Istanbul between <strong data-start=\"301\" data-end=\"325\">December 10\u201312, 2025<\/strong>. Bringing together a new generation of filmmakers from different countries around the world, the festival added a fresh perspective to contemporary cinema.<\/p>\n<p data-start=\"483\" data-end=\"684\">The festival\u2019s <strong data-start=\"498\" data-end=\"517\">Awards Ceremony<\/strong> took place at the <strong data-start=\"536\" data-end=\"561\">Purple Hall (T Block)<\/strong> of Istanbul Ayd\u0131n University. The ceremony was hosted by university students <strong data-start=\"639\" data-end=\"654\">Arzu Sel\u00e7uk<\/strong> and <strong data-start=\"659\" data-end=\"683\">Abdullah O\u011fuz Yaz\u0131c\u0131<\/strong>.<\/p>\n<p data-start=\"105\" data-end=\"910\">The award ceremony was attended by <strong data-start=\"140\" data-end=\"206\">Istanbul Ayd\u0131n University Rector Prof. Dr. \u0130brahim Hakk\u0131 Ayd\u0131n<\/strong>, <strong data-start=\"208\" data-end=\"249\">Vice Rector Prof. Dr. F\u00fcsun Terzio\u011flu<\/strong>, <strong data-start=\"251\" data-end=\"309\">Dean of the Faculty of Fine Arts Prof. Arif Can G\u00fcng\u00f6r<\/strong>, <strong data-start=\"311\" data-end=\"383\">Acting Dean of the Faculty of Communication Prof. Dr. Aybike Sertta\u015f<\/strong>, and many distinguished academics, including <strong data-start=\"429\" data-end=\"456\">Prof. Dr. Sefa \u00c7eliksap<\/strong>, <strong data-start=\"458\" data-end=\"489\">Assoc. Prof. Dr. Hale Torun<\/strong>, <strong data-start=\"491\" data-end=\"520\">Dr. Lecturer Burhan K\u0131l\u0131\u00e7<\/strong>, <strong data-start=\"522\" data-end=\"556\">Dr. Lecturer Esra \u00d6zt\u00fcrk Bedir<\/strong>, <strong data-start=\"558\" data-end=\"591\">Dr. Lecturer Sema Bulat Demir<\/strong>, <strong data-start=\"593\" data-end=\"636\">Research Assistant Edip Cevahir Moro\u011flu<\/strong>, <strong data-start=\"638\" data-end=\"677\">Research Assistant Fahrettin Girgin<\/strong>, <strong data-start=\"679\" data-end=\"715\">Research Assistant \u0130brahim \u00d6ks\u00fcz<\/strong>, <strong data-start=\"717\" data-end=\"757\">Research Assistant O\u011fuzhan Altunkurt<\/strong>, <strong data-start=\"759\" data-end=\"787\">Dr. Lecturer Tu\u011fba G\u00fclal<\/strong>, <strong data-start=\"789\" data-end=\"821\">Dr. Lecturer Birg\u00fcl \u00dcst\u00fcnba\u015f<\/strong>, <strong data-start=\"823\" data-end=\"857\">Dr. Lecturer Metin Enes D\u00f6nmez<\/strong>, <strong data-start=\"859\" data-end=\"886\">Dr. Lecturer Cem G\u00fclcan<\/strong>, and <strong data-start=\"892\" data-end=\"909\">Dr. \u0130pek Krom<\/strong>.<\/p>\n<p data-start=\"912\" data-end=\"1431\">Members of the jury board who attended the ceremony included <strong data-start=\"973\" data-end=\"1000\">\u0130ffet Eren Dan\u0131\u015fman Boz<\/strong>, <strong data-start=\"1002\" data-end=\"1017\">Karim Azimi<\/strong>, <strong data-start=\"1019\" data-end=\"1038\">Mehmet \u00d6z\u015fim\u015fek<\/strong>, <strong data-start=\"1040\" data-end=\"1063\">director Eren \u00d6zsan<\/strong>, <strong data-start=\"1065\" data-end=\"1089\">director Ali Alt\u0131n\u00f6z<\/strong>, <strong data-start=\"1091\" data-end=\"1116\">producer Ataberk Kuru<\/strong>, <strong data-start=\"1118\" data-end=\"1145\">director Asena Y\u0131ld\u0131r\u0131m<\/strong>, <strong data-start=\"1147\" data-end=\"1172\">director \u015e\u00fckr\u00fc G\u00fcrsoy<\/strong>, <strong data-start=\"1174\" data-end=\"1198\">director Ekrem \u00c7\u0131\u011f\u0131r<\/strong>, <strong data-start=\"1200\" data-end=\"1239\">director Muhammed Mustafa \u00c7ak\u0131ro\u011flu<\/strong>, <strong data-start=\"1241\" data-end=\"1261\">Hamdan Oflazo\u011flu<\/strong>, <strong data-start=\"1263\" data-end=\"1281\">Olgun Albayrak<\/strong>, and <strong data-start=\"1287\" data-end=\"1304\">Baran Usneker<\/strong>.<br data-start=\"1305\" data-end=\"1308\" \/>In addition, numerous academics, jury members, directors, producers, and members of the press were present at the ceremony.<\/p>\n<p data-start=\"75\" data-end=\"371\">In his opening speech, <strong data-start=\"98\" data-end=\"137\">Festival President Mehmet Oflazo\u011flu<\/strong> expressed his great satisfaction with organizing the festival in cooperation with the <strong data-start=\"224\" data-end=\"281\">Faculty of Communication of Istanbul Ayd\u0131n University<\/strong>, and thanked the university administration and academic staff for their generous hosting.<\/p>\n<p data-start=\"373\" data-end=\"713\"><strong data-start=\"373\" data-end=\"406\">Prof. Dr. \u0130brahim Hakk\u0131 Ayd\u0131n<\/strong>, Rector of Istanbul Ayd\u0131n University, stated that they were very pleased to host the festival, emphasizing that such events are extremely valuable in enabling students to transform their theoretical knowledge into practical experience. He also expressed his wish for the continuation of this collaboration.<\/p>\n<p data-start=\"715\" data-end=\"939\"><strong data-start=\"715\" data-end=\"788\">Acting Dean of the Faculty of Communication, Prof. Dr. Aybike Sertta\u015f<\/strong>, highlighted the importance of forms of expression in her speech, underlining the decisive role of visual storytelling in today\u2019s communication world.<\/p>\n<p data-start=\"941\" data-end=\"1614\">The <strong data-start=\"945\" data-end=\"962\">festival team<\/strong>, consisting of<br data-start=\"977\" data-end=\"980\" \/><strong data-start=\"980\" data-end=\"1003\">Founding President:<\/strong> Mehmet Oflazo\u011flu;<br data-start=\"1021\" data-end=\"1024\" \/><strong data-start=\"1024\" data-end=\"1060\">Festival Advisory Board Members:<\/strong> Prof. Dr. \u015e\u00fckr\u00fc Sim, Prof. Sefa \u00c7eliksap, Prof. Arif Can G\u00fcng\u00f6r, Assoc. Prof. Dr. Hasan G\u00fcrkan, Assoc. Prof. Dr. Emre Ahmet Se\u00e7men, Assoc. Prof. Dr. Zuhal Akme\u015fe Demir, Assoc. Prof. Dr. Elif Demo\u011flu, Dr. Do\u011fu\u015fcan G\u00f6ker, Dr. Lecturer Fatih Ceylan;<br data-start=\"1307\" data-end=\"1310\" \/><strong data-start=\"1310\" data-end=\"1332\">Festival Director:<\/strong> Prof. Dr. Aybike Sertta\u015f;<br data-start=\"1358\" data-end=\"1361\" \/><strong data-start=\"1361\" data-end=\"1378\">Art Director:<\/strong> Dr. Lecturer Sema Bulat Demir;<br data-start=\"1409\" data-end=\"1412\" \/><strong data-start=\"1412\" data-end=\"1438\">Festival Coordinators:<\/strong> Dr. Lecturer Burhan K\u0131l\u0131\u00e7, Dr. Lecturer Esra \u00d6zt\u00fcrk Bedir;<br data-start=\"1497\" data-end=\"1500\" \/><strong data-start=\"1500\" data-end=\"1522\">Social Media Team:<\/strong> Buse Kaska, \u0130rem Hakver, \u0130layda Yolda\u015f, Shirina Parhadova, Sude Albayrak, and Asl\u0131 \u0130lge\u00e7,<\/p>\n<p data-start=\"1616\" data-end=\"1711\">worked with great dedication and successfully carried out the festival organization flawlessly.<\/p>\n<h3 data-start=\"105\" data-end=\"144\">Jury Members and Evaluation Process<\/h3>\n<p data-start=\"146\" data-end=\"256\">The jury members who determined the festival awards consisted of experienced figures from the world of cinema.<\/p>\n<p data-start=\"258\" data-end=\"503\"><strong data-start=\"258\" data-end=\"288\">Feature Film Fiction Jury: <\/strong>Ayd\u0131n Orak \u2013 Jury President \/ Director, Cansel El\u00e7in \u2013 Actor, G\u00fcl Abus Semerci \u2013 Screenwriter, Murat Hasari \u2013 Musician, Macit Panahi \u2013 Director, Volkan Budak \u2013 Academic, \u0130ffet Eren Dan\u0131\u015fman Boz \u2013 Director<\/p>\n<p data-start=\"505\" data-end=\"613\"><strong data-start=\"505\" data-end=\"526\">Documentary Jury: <\/strong>Karim Azimi \u2013 Director, I\u015fk\u0131n \u00d6zbulduk K\u0131l\u0131\u00e7 \u2013 Academic, Burhan K\u0131l\u0131\u00e7 \u2013 Academic<\/p>\n<p data-start=\"615\" data-end=\"737\"><strong data-start=\"615\" data-end=\"643\">Short Film Fiction Jury: <\/strong>O\u011fuzhan Altunkurt \u2013 Academic, Fatma Esra \u00d6zt\u00fcrk \u2013 Academic, Sema Bulat Demir \u2013 Academic<\/p>\n<p data-start=\"739\" data-end=\"910\"><strong data-start=\"739\" data-end=\"757\">Academic Jury: <\/strong>Prof. Dr. Sefa \u00c7eliksap, Assoc. Prof. Dr. Hale Torun, Assoc. Prof. Dr. \u00d6zg\u00fcr \u0130pek, Dr. Lecturer Tugay Sar\u0131kaya<br data-start=\"873\" data-end=\"876\" \/>Dr. Lecturer Rabiya Saltik Duvan<\/p>\n<p data-start=\"912\" data-end=\"1207\"><strong data-start=\"912\" data-end=\"931\">Academic Award: <\/strong>The Academic Award is granted by academicians who evaluate cinematic works based on their technical and theoretical qualities, with the aim of making scientific and lasting contributions, provided that the works adhere to the fundamental structure and principles of cinema.<\/p>\n<ol start=\"5\">\n<li>\n<h2 data-start=\"134\" data-end=\"188\">International Hali\u00e7 GoldenHorn Film Festival Awards<\/h2>\n<h3 data-start=\"190\" data-end=\"234\">Narrative Feature Film (Feature Fiction)<\/h3>\n<p data-start=\"236\" data-end=\"307\"><strong data-start=\"236\" data-end=\"249\">Best Film<\/strong><br data-start=\"249\" data-end=\"252\" \/><em data-start=\"252\" data-end=\"273\">Where There Is Love<\/em> \u2013 Stevan Lee Mraovitch \u2013 France<\/p>\n<p data-start=\"309\" data-end=\"372\"><strong data-start=\"309\" data-end=\"326\">Best Director<\/strong><br data-start=\"326\" data-end=\"329\" \/><em data-start=\"329\" data-end=\"343\">Water Lilies<\/em> \u2013 Chanho Lee \u2013 South Korea<\/p>\n<p data-start=\"374\" data-end=\"453\"><strong data-start=\"374\" data-end=\"393\">Best Screenplay<\/strong><br data-start=\"393\" data-end=\"396\" \/><em data-start=\"396\" data-end=\"410\">Water Lilies<\/em> \u2013 Chanho Lee, Jungbum Park \u2013 South Korea<\/p>\n<p data-start=\"455\" data-end=\"522\"><strong data-start=\"455\" data-end=\"478\">Best Cinematography<\/strong><br data-start=\"478\" data-end=\"481\" \/><em data-start=\"481\" data-end=\"493\">Motherland<\/em> \u2013 Ilgar Safat \u2013 Azerbaijan<\/p>\n<p data-start=\"524\" data-end=\"591\"><strong data-start=\"524\" data-end=\"538\">Best Music<\/strong><br data-start=\"538\" data-end=\"541\" \/><em data-start=\"541\" data-end=\"562\">Where There Is Love<\/em> \u2013 Nicolas Jovovic \u2013 France<\/p>\n<p data-start=\"593\" data-end=\"662\"><strong data-start=\"593\" data-end=\"609\">Best Actress<\/strong><br data-start=\"609\" data-end=\"612\" \/><em data-start=\"612\" data-end=\"635\">Cast Aside the Clouds<\/em> \u2013 Parmiss Sehat \u2013 Canada<\/p>\n<p data-start=\"664\" data-end=\"726\"><strong data-start=\"664\" data-end=\"678\">Best Actor<\/strong><br data-start=\"678\" data-end=\"681\" \/><em data-start=\"681\" data-end=\"702\">Where There Is Love<\/em> \u2013 Oumar Diaw \u2013 France<\/p>\n<p data-start=\"728\" data-end=\"790\"><strong data-start=\"728\" data-end=\"744\">Best Editing<\/strong><br data-start=\"744\" data-end=\"747\" \/><em data-start=\"747\" data-end=\"761\">Water Lilies<\/em> \u2013 Chanho Lee \u2013 South Korea<\/p>\n<p data-start=\"792\" data-end=\"845\"><strong data-start=\"792\" data-end=\"813\">Best Art Director<\/strong><br data-start=\"813\" data-end=\"816\" \/><em data-start=\"816\" data-end=\"822\">Seek<\/em> \u2013 Kayano Aso \u2013 Japan<\/p>\n<p data-start=\"847\" data-end=\"920\"><strong data-start=\"847\" data-end=\"869\">Jury Special Award<\/strong><br data-start=\"869\" data-end=\"872\" \/><em data-start=\"872\" data-end=\"895\">Kay\u0131k\u00e7\u0131 (The Boatman)<\/em> \u2013 Eren \u00d6zsan \u2013 T\u00fcrkiye<\/p>\n<p data-start=\"922\" data-end=\"1008\"><strong data-start=\"922\" data-end=\"947\">Eurasia Special Award<\/strong><br data-start=\"947\" data-end=\"950\" \/><em data-start=\"950\" data-end=\"982\">G\u00fcnd\u00fcz ve Gece (Day and Night)<\/em> \u2013 Ali Alt\u0131n\u00f6z \u2013 T\u00fcrkiye<\/p>\n<p data-start=\"1010\" data-end=\"1080\"><strong data-start=\"1010\" data-end=\"1036\">Academic Special Award<\/strong><br data-start=\"1036\" data-end=\"1039\" \/><em data-start=\"1039\" data-end=\"1051\">Motherland<\/em> \u2013 Ilgar Safat \u2013 Azerbaijan<\/p>\n<h3 data-start=\"1087\" data-end=\"1111\">Narrative Short Film<\/h3>\n<p data-start=\"1113\" data-end=\"1180\"><strong data-start=\"1113\" data-end=\"1126\">Best Film<\/strong><br data-start=\"1126\" data-end=\"1129\" \/><em data-start=\"1129\" data-end=\"1153\">A Film by Roland Wehap<\/em> \u2013 Roland Wehap \u2013 Austria<\/p>\n<p data-start=\"1182\" data-end=\"1253\"><strong data-start=\"1182\" data-end=\"1204\">Jury Special Award<\/strong><br data-start=\"1204\" data-end=\"1207\" \/><em data-start=\"1207\" data-end=\"1224\">Sevim ile Kiraz<\/em> \u2013 Asena Y\u0131ld\u0131r\u0131m \u2013 T\u00fcrkiye<\/p>\n<h3 data-start=\"1260\" data-end=\"1288\">Documentary Feature Film<\/h3>\n<p data-start=\"1290\" data-end=\"1364\"><strong data-start=\"1290\" data-end=\"1303\">Best Film<\/strong><br data-start=\"1303\" data-end=\"1306\" \/><em data-start=\"1306\" data-end=\"1329\">Searching for Rodakis<\/em> \u2013 Saim Kerem Soyy\u0131lmaz \u2013 T\u00fcrkiye<\/p>\n<p data-start=\"1366\" data-end=\"1440\"><strong data-start=\"1366\" data-end=\"1388\">Jury Special Award<\/strong><br data-start=\"1388\" data-end=\"1391\" \/><em data-start=\"1391\" data-end=\"1414\">Mother of Snow Cranes<\/em> \u2013 Iiris H\u00e4rm\u00e4 \u2013 Finland<\/p>\n<h3 data-start=\"1447\" data-end=\"1473\">Documentary Short Film<\/h3>\n<p data-start=\"1475\" data-end=\"1538\"><strong data-start=\"1475\" data-end=\"1488\">Best Film<\/strong><br data-start=\"1488\" data-end=\"1491\" \/><em data-start=\"1491\" data-end=\"1511\">K\u00e2hin (The Oracle)<\/em> \u2013 \u015e\u00fckr\u00fc G\u00fcrsoy \u2013 T\u00fcrkiye<\/p>\n<p data-start=\"1540\" data-end=\"1615\"><strong data-start=\"1540\" data-end=\"1562\">Special Jury Award<\/strong><br data-start=\"1562\" data-end=\"1565\" \/><em data-start=\"1565\" data-end=\"1582\">What We Carried<\/em> \u2013 Carolina Pereira \u2013 Palestine<\/p>\n<h3 data-start=\"1622\" data-end=\"1649\">Experimental Short Film<\/h3>\n<p data-start=\"1651\" data-end=\"1710\"><strong data-start=\"1651\" data-end=\"1664\">Best Film<\/strong><br data-start=\"1664\" data-end=\"1667\" \/><em data-start=\"1667\" data-end=\"1684\">Wait (Beklemek)<\/em> \u2013 Ekrem \u00c7\u0131\u011f\u0131r \u2013 T\u00fcrkiye<\/p>\n<p data-start=\"1712\" data-end=\"1783\"><strong data-start=\"1712\" data-end=\"1734\">Special Jury Award<\/strong><br data-start=\"1734\" data-end=\"1737\" \/><em data-start=\"1737\" data-end=\"1747\">Chthonic<\/em> \u2013 Tremayne Lamont \u2013 United States<\/p>\n<h3 data-start=\"1790\" data-end=\"1816\">Festival Special Award<\/h3>\n<p data-start=\"1818\" data-end=\"1884\"><strong data-start=\"1818\" data-end=\"1882\">For outstanding achievement in documenting cultural heritage<\/strong><\/p>\n<p data-start=\"1886\" data-end=\"1962\"><em data-start=\"1886\" data-end=\"1921\">Elbistan in the National Struggle<\/em><br data-start=\"1921\" data-end=\"1924\" \/>Director: Muhammed Mustafa \u00c7ak\u0131ro\u011flu<\/p>\n<\/li>\n<\/ol>\n<p><strong>\u00a0<\/strong><\/p>\n<p><strong>\u00a0<\/strong><\/p>\n<p><strong>\u00a0<\/strong><\/p>\n","protected":false},"excerpt":{"rendered":"<p>5th Halic GoldenHorn International Film Festival awards Organized by Fotofilm Culture Art in collaboration with the Faculty of Communication of Istanbul Ayd\u0131n University, the 5th Hali\u00e7 Goldenhorn International Film Festival was successfully held in Istanbul between December 10\u201312, 2025. Bringing together a new generation of filmmakers from different countries around the world, the festival added [&hellip;]<\/p>\n","protected":false},"author":1,"featured_media":0,"parent":0,"menu_order":0,"comment_status":"closed","ping_status":"closed","template":"","meta":{"site-sidebar-layout":"default","site-content-layout":"","ast-site-content-layout":"default","site-content-style":"default","site-sidebar-style":"default","ast-global-header-display":"","ast-banner-title-visibility":"","ast-main-header-display":"","ast-hfb-above-header-display":"","ast-hfb-below-header-display":"","ast-hfb-mobile-header-display":"","site-post-title":"","ast-breadcrumbs-content":"","ast-featured-img":"","footer-sml-layout":"","theme-transparent-header-meta":"default","adv-header-id-meta":"","stick-header-meta":"","header-above-stick-meta":"","header-main-stick-meta":"","header-below-stick-meta":"","astra-migrate-meta-layouts":"set","ast-page-background-enabled":"default","ast-page-background-meta":{"desktop":{"background-color":"","background-image":"","background-repeat":"repeat","background-position":"center center","background-size":"auto","background-attachment":"scroll","background-type":"","background-media":"","overlay-type":"","overlay-color":"","overlay-opacity":"","overlay-gradient":""},"tablet":{"background-color":"","background-image":"","background-repeat":"repeat","background-position":"center center","background-size":"auto","background-attachment":"scroll","background-type":"","background-media":"","overlay-type":"","overlay-color":"","overlay-opacity":"","overlay-gradient":""},"mobile":{"background-color":"","background-image":"","background-repeat":"repeat","background-position":"center center","background-size":"auto","background-attachment":"scroll","background-type":"","background-media":"","overlay-type":"","overlay-color":"","overlay-opacity":"","overlay-gradient":""}},"ast-content-background-meta":{"desktop":{"background-color":"var(--ast-global-color-5)","background-image":"","background-repeat":"repeat","background-position":"center center","background-size":"auto","background-attachment":"scroll","background-type":"","background-media":"","overlay-type":"","overlay-color":"","overlay-opacity":"","overlay-gradient":""},"tablet":{"background-color":"var(--ast-global-color-5)","background-image":"","background-repeat":"repeat","background-position":"center center","background-size":"auto","background-attachment":"scroll","background-type":"","background-media":"","overlay-type":"","overlay-color":"","overlay-opacity":"","overlay-gradient":""},"mobile":{"background-color":"var(--ast-global-color-5)","background-image":"","background-repeat":"repeat","background-position":"center center","background-size":"auto","background-attachment":"scroll","background-type":"","background-media":"","overlay-type":"","overlay-color":"","overlay-opacity":"","overlay-gradient":""}},"footnotes":""},"class_list":["post-2263","page","type-page","status-publish","hentry"],"_links":{"self":[{"href":"https:\/\/www.halicfilmfest.org\/index.php\/wp-json\/wp\/v2\/pages\/2263","targetHints":{"allow":["GET"]}}],"collection":[{"href":"https:\/\/www.halicfilmfest.org\/index.php\/wp-json\/wp\/v2\/pages"}],"about":[{"href":"https:\/\/www.halicfilmfest.org\/index.php\/wp-json\/wp\/v2\/types\/page"}],"author":[{"embeddable":true,"href":"https:\/\/www.halicfilmfest.org\/index.php\/wp-json\/wp\/v2\/users\/1"}],"replies":[{"embeddable":true,"href":"https:\/\/www.halicfilmfest.org\/index.php\/wp-json\/wp\/v2\/comments?post=2263"}],"version-history":[{"count":5,"href":"https:\/\/www.halicfilmfest.org\/index.php\/wp-json\/wp\/v2\/pages\/2263\/revisions"}],"predecessor-version":[{"id":2270,"href":"https:\/\/www.halicfilmfest.org\/index.php\/wp-json\/wp\/v2\/pages\/2263\/revisions\/2270"}],"wp:attachment":[{"href":"https:\/\/www.halicfilmfest.org\/index.php\/wp-json\/wp\/v2\/media?parent=2263"}],"curies":[{"name":"wp","href":"https:\/\/api.w.org\/{rel}","templated":true}]}}