{"id":1852,"date":"2024-12-08T16:32:32","date_gmt":"2024-12-08T13:32:32","guid":{"rendered":"https:\/\/www.halicfilmfest.org\/?page_id=1852"},"modified":"2024-12-08T16:40:50","modified_gmt":"2024-12-08T13:40:50","slug":"awards-2024","status":"publish","type":"page","link":"https:\/\/www.halicfilmfest.org\/index.php\/en\/the-festival\/awards-2024\/","title":{"rendered":"Awards 2024"},"content":{"rendered":"\n\t<p><strong>4. Hali\u00e7 Goldenhorn Uluslararas\u0131 Film Festivali\u2019nde \u00d6d\u00fcller Sahiplerini Buldu<\/strong><\/p>\n<p>Organized by Fotofilm Culture Art and Ansam Culture Association and realized with the contributions of Istanbul Metropolitan Municipality, the 4th International Hali\u00e7 Goldenhorn Film Festival met with moviegoers at Beyo\u011flu Cinema between December 2-7, 2024. The night, which was attended by the founding president of the festival Mehmet Oflazo\u011flu, the festival director and the award night presenter Assoc. Prof. Dr. Beg\u00fcm Aylin \u00d6nder, was attended by jury members, producers, directors, actors and moviegoers.<\/p>\n<p>Istanbul Metropolitan Municipality, IMM Culture, Istanbul Arel University Faculty of Communication and Dean of Students organized a film screening and talks at IMM Beyo\u011flu Cinema. A selection of 85 films from 30 countries in the categories of Feature Fiction, Short Fiction, Documentary Feature, Documentary Short, Experimental Short, Animated Short and Screenplay were watched. All events were open to the public and free of charge.<\/p>\n<p>Speaking at the opening, Mehmet Oflazo\u011flu emphasized the festival\u2019s role in cinema\u2019s intercultural interaction, saying, \u201cWe brought 85 films from 30 countries together with the audience at the fourth Hali\u00e7 Goldenhorn Film Festival this year. We gave awards in seven different categories in feature, short, documentary, animation and experimental categories. Our aim is to bring together the different colors of world cinema in the heart of Istanbul and offer young filmmakers the opportunity to express themselves.\u201d Assoc. Prof. Dr. Beg\u00fcm Aylin \u00d6nder drew attention to the power of cinema in storytelling, saying, \u201cThis festival allows stories from different geographies to come together in a common language. Cinema is a powerful art form that removes borders and connects us to each other.\u201d<\/p>\n<p>The festival&#8217;s visual personality was designed by Manolya Ke\u015fre, while Nazire Alaca undertook the digital communication and social media coordination. In addition, Kaya Erdem Y\u0131lmaz, Zeynep Asude Atalay, Orhan Sarp \u00d6zkan, Ahmet Taha Koca, K\u00fcbra G\u00fcnal and Zehra \u00d6zkan, Sueda \u015eent\u00fcrk, Ceyhun \u00d6zt\u00fcrk, N\u00fcveyba Sare K\u00f6ksal, Aleyna Y\u0131lmaz, G\u00f6kalp \u00c7ift\u00e7i, Sadiye Didar K\u0131l\u0131\u00e7, Ya\u011fmur Bayansald\u0131z from Istanbul Arel University made a great effort at every stage of the organization.<\/p>\n<strong>Jury Members and Evaluation Process<\/strong><br \/>\nThe jury members of the festival&#8217;s awards were composed of names from the world of cinema: <strong>The Feature Film Jury <\/strong>included Serdar Akar (President), Korhan Bozkurt, Metin G\u00fcng\u00f6r, Sadullah \u015eent\u00fcrk, Ayd\u0131n Bulut, Mete \u015eener, Ali \u0130lhan, while the <strong>Short Film Film Jury<\/strong> included Ahmet Ilgaz, Emin \u00d6nder, Nurten \u0130nan. <strong>The Documentary Jury<\/strong>, chaired by Orhan Tekeo\u011flu, also included Serdar G\u00fcven, Igor Toholj. <strong>The Academic Jury Members<\/strong> of the Festival included Prof. Dr. \u00d6mer Alanka, Assoc. Prof. Dr. Mehmet K\u00f6pr\u00fc, Assist. Prof. Rahime Akikol, Assist. Prof. Bahar Atmaca Demir, Assist. Prof. Murat \u015eahin, Assist. Prof. Recep \u00c7\u00f6kerdeno\u011flu, Res. Asst. While Hatice \u00d6ks\u00fcz was present, the pre-juries of the festival consisted of Abdulkadir B\u00fcy\u00fckbing\u00f6l, Fatma G\u00fcng\u00f6rer, F\u0131rat Ko\u00e7, Hakan Y\u00fcksel, Mehmet \u00d6zdemir, O\u011fuzhan \u00d6ztay, Sefer Dar\u0131c\u0131, Taylan Maral and \u00dclhak \u00c7imen.\n<p><strong>4. Uluslararas\u0131 Hali\u00e7 GoldenHorn Film Festivali \u00d6d\u00fclleri <\/strong><\/p>\n<p><strong>Uzun Metraj Kurmaca \/ Narrative Feature <\/strong><\/p>\n<strong>En iyi film \/ Best Film <\/strong><br \/>\nSon Ak\u015fam Yeme\u011fi \/ Narrative Feature \/ Levent Onan \/  Turkey \n<strong>En iyi y\u00f6netmen \/ Best Director<\/strong><br \/>\nSon Ak\u015fam Yeme\u011fi \/ Narrative Feature \/ Levent Onan \/Turkey \n<strong>En iyi Senaryo \/ Best Script<\/strong><br \/>\nYakamoz \/ Narrative Feature \/ Ali Can Yaras \/ Turkey  \n<strong>En \u0130yi G\u00f6r\u00fcnt\u00fc Y\u00f6netmeni \/ Best Cinematography <\/strong><br \/>\nDerun \/ Narrative Feature \/ Sami Saydam \/ Turkey \n<strong>En iyi Erkek oyuncu \/ Best Actor <\/strong><br \/>\nNo Way Home \/ Narrative Feature \/ Mitchell Norman \/ United Kingdom \n<strong>En \u0130yi Kad\u0131n Oyuncu \/ Best Actress<\/strong><br \/>\nSon Ak\u015fam Yeme\u011fi \/ Narrative Feature \/ Azra Aksu  \/ Turkey \n<strong>En iyi Kurgu \/ Best Editing<\/strong><br \/>\nLove Me Dead \/ Narrative Feature \/ Josh Webber \/ United States \n<strong>En \u0130yi Sanat Y\u00f6netmeni \/ Best Art Director<\/strong><br \/>\nSon Ak\u015fam Yeme\u011fi \/ Narrative Feature \/ Mertkal Kan\u0131belli \/ Turkey \n<strong>En iyi M\u00fczik \/ Best Music <\/strong><br \/>\nSon Ak\u015fam Yeme\u011fi \/ Narrative Feature \/ Mustafa Yaz\u0131c\u0131o\u011flu \/ Turkey \n<strong>J\u00fcri \u00f6zel \u00f6d\u00fcl\u00fc \/ Jury Special Award<\/strong><br \/>\nNo Way Home\t \/ Narrative Feature \/ Yousaf Ali Khan \/ United Kingdom \n<strong>Seyirci \u00d6zel \u00d6d\u00fcl\u00fc \/ Special Audience Award<\/strong><br \/>\nKelebeklerin \u00c7\u0131\u011fl\u0131\u011f\u0131 \/ Narrative Feature \/ Cengis T. Asilturk \/ Turkey<br \/>\nKelebeklerin Uyudu\u011fu Yerdeyim \/ Narrative Feature \/ Ceyhan Kandemir \/ Turkey \n<strong>Akademik \u00d6d\u00fcl\u00fc &#8211; Academic Award <\/strong><br \/>\nNo Way Home \/ Narrative Feature \/ Yousaf Ali Khan \/ United Kingdom \n<strong>Akademik Onur \u00d6d\u00fcl\u00fc &#8211; Academic Honour Award <\/strong><br \/>\nKelebeklerin Uyudu\u011fu Yerdeyim \/ Narrative Feature \/ Ceyhan Kandemir \/ Turkey \n<strong>Avrasya \u00f6zel \u00f6d\u00fcl\u00fc \/ Eurasia Special Award<\/strong><br \/>\nKaybolu\u015fun R\u00fczgarlar\u0131 \/ Narrative Feature \/ \u0130lkan Devrim Din\u00e7 \/ Turkey \n<strong>K\u0131safilm Kurmaca \/ Narrative Short Feature<\/strong><br \/>\n<strong>En iyi Film \/ Best Film <\/strong><br \/>\nBomba  \/ Narrative Short Feature \/ Onur Do\u011fan \/ Turkey \n<strong>Juri \u00f6zel \u00f6d\u00fcl\u00fc \/ Jury special prize <\/strong><br \/>\nThe Reunion \/ Narrative Short Feature \/ Lolita Naranovich \/ Russian \n<strong>Avrasya te\u015fvik \u00f6d\u00fcl\u00fc<\/strong><br \/>\nKaos \/ Narrative Short Feature \/ Burhan Ke\u00e7ecio\u011flu \n<strong>Avrasya \u00f6zel \u00f6d\u00fcl\u00fc \/ Eurasia Special Award<\/strong><br \/>\nBize En Uzak Hayat \/ Narrative Short Feature \/ Mert Kartal \/ Turkey<br \/>\n                                                                                                                                                                                                                                                                                                                                                                                                                  <strong>Belgesel Uzun Metraj \/ Documentary Feature<\/strong><br \/>\n<strong>En iyi Film \/ Best Film <\/strong><br \/>\nTopra\u011f\u0131n S\u0131rr\u0131na Erenler \/ Documentary Feature \/ Ali Kemal Pasiner \/ Turkey \n<strong>Juri \u00f6zel \u00f6d\u00fcl\u00fc \/ Jury special prize <\/strong><br \/>\nThe Bad Son \/ Documentary Feature \/ Ghatfan Ghanoom \/ Finland \n<strong>Belgesel K\u0131safilm  \/ Documentary Short Film<\/strong><br \/>\n<strong>En iyi Film \/ Best Film <\/strong><br \/>\nCulture Vs War. Liberov \/ Short Documentary \/ Kadim Tarasov \/ Ukraine\n<strong>J\u00fcri \u00d6zel \u00d6d\u00fcl\u00fc \/ Special Jury Award<\/strong><br \/>\nThe Dolphin Dilemma\t\/ Short Documentary\t\/ Olivia Andrus-Drennan \/ United States \n<strong>Deneysel K\u0131safilm  \/  Experimental  Short Films<\/strong><br \/>\n<strong>En iyi Film \/ Best Film <\/strong><br \/>\n3rd aye \/ Experimental  Short Films \/ Richard Philpott \/ United Kingdom\n<strong>J\u00fcri \u00d6zel \u00d6d\u00fcl\u00fc \/ Special Jury Award<\/strong><br \/>\nHalf Folded Wings \/ Experimental  Short Films \/ Sonja Rendtorff \/ Denmark\n<strong>Animasyon K\u0131safilm  \/  Animation  Short Films<\/strong><br \/>\n<strong>En iyi Film \/ Best Film <\/strong><br \/>\nDon&#8217;t Cry \/ Animation Short Films \/ Hisham Zreiq \/ Palestine\n<strong>J\u00fcri \u00d6zel \u00d6d\u00fcl\u00fc \/ Special Jury Award<\/strong><br \/>\nThe Pinto Variety Hour \/ Animation Short Films \/ R.J. Sullivan \/ United States \n<strong>Senaryo \/ Screenplay<\/strong><br \/>\n<strong>En iyi Senaryo \/ Best  Screenplay<\/strong><br \/>\nTea Tell Tale \/ \tScreenplay \/ Shubhanjan Das\t\/ India \n<strong>J\u00fcri \u00d6zel \u00d6d\u00fcl\u00fc \/ Special Jury Award<\/strong><br \/>\nWhispers \u0130n The Tall Grass \/ Screenplay \/ Sinan Cevik \/ Australia \n","protected":false},"excerpt":{"rendered":"<p>4. Hali\u00e7 Goldenhorn Uluslararas\u0131 Film Festivali\u2019nde \u00d6d\u00fcller Sahiplerini Buldu Organized by Fotofilm Culture Art and Ansam Culture Association and realized with the contributions of Istanbul Metropolitan Municipality, the 4th International Hali\u00e7 Goldenhorn Film Festival met with moviegoers at Beyo\u011flu Cinema between December 2-7, 2024. The night, which was attended by the founding president of the [&hellip;]<\/p>\n","protected":false},"author":1,"featured_media":0,"parent":1150,"menu_order":0,"comment_status":"closed","ping_status":"closed","template":"","meta":{"site-sidebar-layout":"default","site-content-layout":"default","ast-site-content-layout":"default","site-content-style":"default","site-sidebar-style":"default","ast-global-header-display":"","ast-banner-title-visibility":"","ast-main-header-display":"","ast-hfb-above-header-display":"","ast-hfb-below-header-display":"","ast-hfb-mobile-header-display":"","site-post-title":"","ast-breadcrumbs-content":"","ast-featured-img":"","footer-sml-layout":"","theme-transparent-header-meta":"default","adv-header-id-meta":"","stick-header-meta":"","header-above-stick-meta":"","header-main-stick-meta":"","header-below-stick-meta":"","astra-migrate-meta-layouts":"default","ast-page-background-enabled":"default","ast-page-background-meta":{"desktop":{"background-color":"","background-image":"","background-repeat":"repeat","background-position":"center center","background-size":"auto","background-attachment":"scroll","background-type":"","background-media":"","overlay-type":"","overlay-color":"","overlay-opacity":"","overlay-gradient":""},"tablet":{"background-color":"","background-image":"","background-repeat":"repeat","background-position":"center center","background-size":"auto","background-attachment":"scroll","background-type":"","background-media":"","overlay-type":"","overlay-color":"","overlay-opacity":"","overlay-gradient":""},"mobile":{"background-color":"","background-image":"","background-repeat":"repeat","background-position":"center center","background-size":"auto","background-attachment":"scroll","background-type":"","background-media":"","overlay-type":"","overlay-color":"","overlay-opacity":"","overlay-gradient":""}},"ast-content-background-meta":{"desktop":{"background-color":"var(--ast-global-color-5)","background-image":"","background-repeat":"repeat","background-position":"center center","background-size":"auto","background-attachment":"scroll","background-type":"","background-media":"","overlay-type":"","overlay-color":"","overlay-opacity":"","overlay-gradient":""},"tablet":{"background-color":"var(--ast-global-color-5)","background-image":"","background-repeat":"repeat","background-position":"center center","background-size":"auto","background-attachment":"scroll","background-type":"","background-media":"","overlay-type":"","overlay-color":"","overlay-opacity":"","overlay-gradient":""},"mobile":{"background-color":"var(--ast-global-color-5)","background-image":"","background-repeat":"repeat","background-position":"center center","background-size":"auto","background-attachment":"scroll","background-type":"","background-media":"","overlay-type":"","overlay-color":"","overlay-opacity":"","overlay-gradient":""}},"footnotes":""},"class_list":["post-1852","page","type-page","status-publish","hentry"],"_links":{"self":[{"href":"https:\/\/www.halicfilmfest.org\/index.php\/wp-json\/wp\/v2\/pages\/1852","targetHints":{"allow":["GET"]}}],"collection":[{"href":"https:\/\/www.halicfilmfest.org\/index.php\/wp-json\/wp\/v2\/pages"}],"about":[{"href":"https:\/\/www.halicfilmfest.org\/index.php\/wp-json\/wp\/v2\/types\/page"}],"author":[{"embeddable":true,"href":"https:\/\/www.halicfilmfest.org\/index.php\/wp-json\/wp\/v2\/users\/1"}],"replies":[{"embeddable":true,"href":"https:\/\/www.halicfilmfest.org\/index.php\/wp-json\/wp\/v2\/comments?post=1852"}],"version-history":[{"count":2,"href":"https:\/\/www.halicfilmfest.org\/index.php\/wp-json\/wp\/v2\/pages\/1852\/revisions"}],"predecessor-version":[{"id":1854,"href":"https:\/\/www.halicfilmfest.org\/index.php\/wp-json\/wp\/v2\/pages\/1852\/revisions\/1854"}],"up":[{"embeddable":true,"href":"https:\/\/www.halicfilmfest.org\/index.php\/wp-json\/wp\/v2\/pages\/1150"}],"wp:attachment":[{"href":"https:\/\/www.halicfilmfest.org\/index.php\/wp-json\/wp\/v2\/media?parent=1852"}],"curies":[{"name":"wp","href":"https:\/\/api.w.org\/{rel}","templated":true}]}}