{"id":180,"date":"2020-08-15T13:27:11","date_gmt":"2020-08-15T10:27:11","guid":{"rendered":"http:\/\/halicgoldenhorn.org\/?page_id=180"},"modified":"2025-12-26T20:51:41","modified_gmt":"2025-12-26T17:51:41","slug":"180-2","status":"publish","type":"page","link":"https:\/\/www.halicfilmfest.org\/index.php\/en\/","title":{"rendered":"Home"},"content":{"rendered":"<h2><a href=\"http:\/\/halicgoldenhorn.org\/wp-content\/uploads\/2020\/08\/DSC05160-1.png\"><img loading=\"lazy\" decoding=\"async\" class=\"aligncenter size-full wp-image-2153\" src=\"https:\/\/www.halicfilmfest.org\/wp-content\/uploads\/2025\/12\/DSC05160-1024x680-1.webp\" alt=\"\" width=\"1024\" height=\"680\" srcset=\"https:\/\/www.halicfilmfest.org\/wp-content\/uploads\/2025\/12\/DSC05160-1024x680-1.webp 1024w, https:\/\/www.halicfilmfest.org\/wp-content\/uploads\/2025\/12\/DSC05160-1024x680-1-300x199.webp 300w, https:\/\/www.halicfilmfest.org\/wp-content\/uploads\/2025\/12\/DSC05160-1024x680-1-768x510.webp 768w\" sizes=\"auto, (max-width: 1024px) 100vw, 1024px\" \/><\/a><\/h2>\n<h2><\/h2>\n<h2 style=\"text-align: center;\">Halic Goldenhorn International Film Festival &amp; Film Market\u200b<\/h2>\n<p>&nbsp;<\/p>\n<p data-start=\"114\" data-end=\"463\"><strong data-start=\"114\" data-end=\"166\">The Hali\u00e7 Goldenhorn International Film Festival<\/strong> aims to encourage the development of Turkish cinema, contribute to its international promotion, and serve as a bridge for bringing high-quality productions to our country. At the same time, the festival seeks to create a new platform for cinema by supporting independent and creative productions.<\/p>\n<p data-start=\"465\" data-end=\"826\">Aiming to become one of the key centers of the cinema world in the Eurasian region, our festival brings together representatives of world cinema under one roof. In order to protect independent cinema, it provides a strong meeting ground to highlight the artistic power of storytelling across the globe and to share diverse cultures, perspectives, and knowledge.<\/p>\n<p data-start=\"828\" data-end=\"1075\">With the support of our numerous community partners, we view independent cinema not only as an artistic endeavor but also as a cultural, economic, and educational asset, and we aim to create a sustainable cinema ecosystem in line with this vision.<\/p>\n<h4><\/h4>\n<p>&nbsp;<\/p>\n<p><a href=\"https:\/\/filmfreeway.com\/HalicGoldenhornFilmFestMarket\" target=\"_blank\" rel=\"noopener\"><br \/>\n<img loading=\"lazy\" decoding=\"async\" class=\"aligncenter\" src=\"https:\/\/www.halicfilmfest.org\/wp-content\/uploads\/2020\/08\/submissionbutton.png\" sizes=\"auto, (max-width: 526px) 100vw, 526px\" srcset=\"https:\/\/www.halicfilmfest.org\/wp-content\/uploads\/2020\/08\/submissionbutton.png 526w, https:\/\/www.halicfilmfest.org\/wp-content\/uploads\/2020\/08\/submissionbutton-300x116.png 300w\" alt=\"\" width=\"526\" height=\"204\" \/> <\/a><br \/>\n<a href=\"https:\/\/filmmakers.festhome.com\/festival\/7487\" target=\"_blank\" rel=\"noopener\"><br \/>\n<img loading=\"lazy\" decoding=\"async\" class=\"aligncenter\" src=\"https:\/\/www.halicfilmfest.org\/wp-content\/uploads\/2022\/09\/festhome.png\" alt=\"\" width=\"243\" height=\"105\" \/> <\/a><a href=\"https:\/\/www.wfcn.co\/festival\/Halic-Goldenhorn-Film-Fest\" target=\"_blank\" rel=\"noopener\"><br \/>\n<img loading=\"lazy\" decoding=\"async\" class=\"aligncenter\" src=\"https:\/\/www.halicfilmfest.org\/wp-content\/uploads\/2025\/01\/WFCN-logo.png\" sizes=\"auto, (max-width: 408px) 100vw, 408px\" srcset=\"https:\/\/www.halicfilmfest.org\/wp-content\/uploads\/2025\/01\/WFCN-logo.png 408w, https:\/\/www.halicfilmfest.org\/wp-content\/uploads\/2025\/01\/WFCN-logo-300x90.png 300w\" alt=\"\" width=\"408\" height=\"123\" \/> <\/a><\/p>\n<p>&nbsp;<\/p>\n<h3 style=\"text-align: center;\"><a href=\"https:\/\/www.halicfilmfest.org\/index.php\/en\/awards-2025-2\/\" target=\"_blank\" rel=\"noopener\">5. Hali\u00e7 Goldenhorn International Film Festival Awards, December 10\u201312<\/a><\/h3>\n<h4><\/h4>\n<h4 style=\"text-align: center;\"><img loading=\"lazy\" decoding=\"async\" class=\"aligncenter wp-image-2155\" src=\"https:\/\/www.halicfilmfest.org\/wp-content\/uploads\/2025\/12\/1.jpg\" alt=\"\" width=\"672\" height=\"839\" srcset=\"https:\/\/www.halicfilmfest.org\/wp-content\/uploads\/2025\/12\/1.jpg 1086w, https:\/\/www.halicfilmfest.org\/wp-content\/uploads\/2025\/12\/1-240x300.jpg 240w, https:\/\/www.halicfilmfest.org\/wp-content\/uploads\/2025\/12\/1-820x1024.jpg 820w, https:\/\/www.halicfilmfest.org\/wp-content\/uploads\/2025\/12\/1-768x959.jpg 768w\" sizes=\"auto, (max-width: 672px) 100vw, 672px\" \/><\/h4>\n<p>&nbsp;<\/p>\n<h3 style=\"text-align: center;\"><a href=\"https:\/\/www.halicfilmfest.org\/wp-content\/uploads\/2025\/12\/Festival-Programi-5.pdf\">Click here to access the festival program<\/a><\/h3>\n<p>&nbsp;<\/p>\n<h2 style=\"text-align: center;\" data-start=\"134\" data-end=\"188\">5th International Hali\u00e7 GoldenHorn Film Festival Awards<\/h2>\n<h3 style=\"text-align: center;\" data-start=\"190\" data-end=\"234\">Narrative Feature Film (Feature Fiction)<\/h3>\n<p style=\"text-align: center;\" data-start=\"236\" data-end=\"307\"><strong data-start=\"236\" data-end=\"249\">Best Film<\/strong><br data-start=\"249\" data-end=\"252\" \/><em data-start=\"252\" data-end=\"273\">Where There Is Love<\/em>\u00a0\u2013 Stevan Lee Mraovitch \u2013 France<\/p>\n<p style=\"text-align: center;\" data-start=\"309\" data-end=\"372\"><strong data-start=\"309\" data-end=\"326\">Best Directoth<\/strong><br data-start=\"326\" data-end=\"329\" \/><em data-start=\"329\" data-end=\"343\">Water Lilies<\/em>\u00a0\u2013 Chanho Lee \u2013 South Korea<\/p>\n<p style=\"text-align: center;\" data-start=\"374\" data-end=\"453\"><strong data-start=\"374\" data-end=\"393\">Best Screenplay<\/strong><br data-start=\"393\" data-end=\"396\" \/><em data-start=\"396\" data-end=\"410\">Water Lilies<\/em>\u00a0\u2013 Chanho Lee, Jungbum Park \u2013 South Korea<\/p>\n<p style=\"text-align: center;\" data-start=\"455\" data-end=\"522\"><strong data-start=\"455\" data-end=\"478\">Best Cinematography<\/strong><br data-start=\"478\" data-end=\"481\" \/><em data-start=\"481\" data-end=\"493\">Motherland<\/em>\u00a0\u2013 Ilgar Safat \u2013 Azerbaijan<\/p>\n<p style=\"text-align: center;\" data-start=\"524\" data-end=\"591\"><strong data-start=\"524\" data-end=\"538\">Best Music<\/strong><br data-start=\"538\" data-end=\"541\" \/><em data-start=\"541\" data-end=\"562\">Where There Is Love<\/em>\u00a0\u2013 Nicolas Jovovic \u2013 France<\/p>\n<p style=\"text-align: center;\" data-start=\"593\" data-end=\"662\"><strong data-start=\"593\" data-end=\"609\">Best Actress<\/strong><br data-start=\"609\" data-end=\"612\" \/><em data-start=\"612\" data-end=\"635\">Cast Aside the Clouds<\/em>\u00a0\u2013 Parmiss Sehat \u2013 Canada<\/p>\n<p style=\"text-align: center;\" data-start=\"664\" data-end=\"726\"><strong data-start=\"664\" data-end=\"678\">Best Actor<\/strong><br data-start=\"678\" data-end=\"681\" \/><em data-start=\"681\" data-end=\"702\">Where There Is Love<\/em>\u00a0\u2013 Oumar Diaw \u2013 France<\/p>\n<p style=\"text-align: center;\" data-start=\"728\" data-end=\"790\"><strong data-start=\"728\" data-end=\"744\">Best Editing<\/strong><br data-start=\"744\" data-end=\"747\" \/><em data-start=\"747\" data-end=\"761\">Water Lilies<\/em>\u00a0\u2013 Chanho Lee \u2013 South Korea<\/p>\n<p style=\"text-align: center;\" data-start=\"792\" data-end=\"845\"><strong data-start=\"792\" data-end=\"813\">Best Art Director<\/strong><br data-start=\"813\" data-end=\"816\" \/><em data-start=\"816\" data-end=\"822\">Seek<\/em>\u00a0\u2013 Kayano Aso \u2013 Japan<\/p>\n<p style=\"text-align: center;\" data-start=\"847\" data-end=\"920\"><strong data-start=\"847\" data-end=\"869\">Jury Special Award<\/strong><br data-start=\"869\" data-end=\"872\" \/><em data-start=\"872\" data-end=\"895\">Kay\u0131k\u00e7\u0131 (The Boatman)<\/em>\u00a0\u2013 Eren \u00d6zsan \u2013 T\u00fcrkiye<\/p>\n<p style=\"text-align: center;\" data-start=\"922\" data-end=\"1008\"><strong data-start=\"922\" data-end=\"947\">Eurasia Special Award<\/strong><br data-start=\"947\" data-end=\"950\" \/><em data-start=\"950\" data-end=\"982\">G\u00fcnd\u00fcz ve Gece (Day and Night)<\/em>\u00a0\u2013 Ali Alt\u0131n\u00f6z \u2013 T\u00fcrkiye<\/p>\n<p style=\"text-align: center;\" data-start=\"1010\" data-end=\"1080\"><strong data-start=\"1010\" data-end=\"1036\">Academic Special Award<\/strong><br data-start=\"1036\" data-end=\"1039\" \/><em data-start=\"1039\" data-end=\"1051\">Motherland<\/em>\u00a0\u2013 Ilgar Safat \u2013 Azerbaijan<\/p>\n<h3 style=\"text-align: center;\" data-start=\"1087\" data-end=\"1111\">Narrative Short Film<\/h3>\n<p style=\"text-align: center;\" data-start=\"1113\" data-end=\"1180\"><strong data-start=\"1113\" data-end=\"1126\">Best Film<\/strong><br data-start=\"1126\" data-end=\"1129\" \/><em data-start=\"1129\" data-end=\"1153\">A Film by Roland Wehap<\/em>\u00a0\u2013 Roland Wehap \u2013 Austria<\/p>\n<p style=\"text-align: center;\" data-start=\"1182\" data-end=\"1253\"><strong data-start=\"1182\" data-end=\"1204\">Jury Special Award<\/strong><br data-start=\"1204\" data-end=\"1207\" \/><em data-start=\"1207\" data-end=\"1224\">Sevim ile Kiraz<\/em>\u00a0\u2013 Asena Y\u0131ld\u0131r\u0131m \u2013 T\u00fcrkiye<\/p>\n<h3 style=\"text-align: center;\" data-start=\"1260\" data-end=\"1288\">Documentary Feature Film<\/h3>\n<p style=\"text-align: center;\" data-start=\"1290\" data-end=\"1364\"><strong data-start=\"1290\" data-end=\"1303\">Best Film<\/strong><br data-start=\"1303\" data-end=\"1306\" \/><em data-start=\"1306\" data-end=\"1329\">Searching for Rodakis<\/em>\u00a0\u2013 Saim Kerem Soyy\u0131lmaz \u2013 T\u00fcrkiye<\/p>\n<p style=\"text-align: center;\" data-start=\"1366\" data-end=\"1440\"><strong data-start=\"1366\" data-end=\"1388\">Jury Special Award<\/strong><br data-start=\"1388\" data-end=\"1391\" \/><em data-start=\"1391\" data-end=\"1414\">Mother of Snow Cranes<\/em>\u00a0\u2013 Iiris H\u00e4rm\u00e4 \u2013 Finland<\/p>\n<h3 style=\"text-align: center;\" data-start=\"1447\" data-end=\"1473\">Documentary Short Film<\/h3>\n<p style=\"text-align: center;\" data-start=\"1475\" data-end=\"1538\"><strong data-start=\"1475\" data-end=\"1488\">Best Film<\/strong><br data-start=\"1488\" data-end=\"1491\" \/><em data-start=\"1491\" data-end=\"1511\">K\u00e2hin (The Oracle)<\/em>\u00a0\u2013 \u015e\u00fckr\u00fc G\u00fcrsoy \u2013 T\u00fcrkiye<\/p>\n<p style=\"text-align: center;\" data-start=\"1540\" data-end=\"1615\"><strong data-start=\"1540\" data-end=\"1562\">Special Jury Award<\/strong><br data-start=\"1562\" data-end=\"1565\" \/><em data-start=\"1565\" data-end=\"1582\">What We Carried<\/em>\u00a0\u2013 Carolina Pereira \u2013 Palestine<\/p>\n<h3 style=\"text-align: center;\" data-start=\"1622\" data-end=\"1649\">Experimental Short Film<\/h3>\n<p style=\"text-align: center;\" data-start=\"1651\" data-end=\"1710\"><strong data-start=\"1651\" data-end=\"1664\">Best Film<\/strong><br data-start=\"1664\" data-end=\"1667\" \/><em data-start=\"1667\" data-end=\"1684\">Wait (Beklemek)<\/em>\u00a0\u2013 Ekrem \u00c7\u0131\u011f\u0131r \u2013 T\u00fcrkiye<\/p>\n<p style=\"text-align: center;\" data-start=\"1712\" data-end=\"1783\"><strong data-start=\"1712\" data-end=\"1734\">Special Jury Award<\/strong><br data-start=\"1734\" data-end=\"1737\" \/><em data-start=\"1737\" data-end=\"1747\">Chthonic<\/em>\u00a0\u2013 Tremayne Lamont \u2013 United States<\/p>\n<p>&nbsp;<\/p>\n<p><a href=\"https:\/\/www.imdb.com\/user\/ur115641667\/\" target=\"_blank\" rel=\"noopener\"><img loading=\"lazy\" decoding=\"async\" class=\"aligncenter\" src=\"https:\/\/www.halicfilmfest.org\/wp-content\/uploads\/2020\/08\/resim3.png\" alt=\"\" width=\"300\" height=\"164\" \/><\/a><\/p>\n<p><a href=\"https:\/\/filmfreeway.com\/HalicGoldenhornFilmFestMarket\" target=\"_blank\" rel=\"noopener\"><br \/>\n<img loading=\"lazy\" decoding=\"async\" class=\"aligncenter\" src=\"https:\/\/www.halicfilmfest.org\/wp-content\/uploads\/2020\/08\/resim4.png\" sizes=\"auto, (max-width: 526px) 100vw, 526px\" srcset=\"https:\/\/www.halicfilmfest.org\/wp-content\/uploads\/2020\/08\/resim4.png 526w, https:\/\/www.halicfilmfest.org\/wp-content\/uploads\/2020\/08\/resim4-300x116.png 300w\" alt=\"\" width=\"526\" height=\"204\" \/> <\/a><\/p>\n<p><a href=\"https:\/\/filmmakers.festhome.com\/festival\/7487\" target=\"_blank\" rel=\"noopener\"><br \/>\n<img loading=\"lazy\" decoding=\"async\" class=\"aligncenter\" src=\"https:\/\/www.halicfilmfest.org\/wp-content\/uploads\/2022\/09\/festhome-1.png\" alt=\"\" width=\"243\" height=\"105\" \/> <\/a><\/p>\n<h4 style=\"text-align: center;\"><\/h4>\n<p><img loading=\"lazy\" decoding=\"async\" class=\"aligncenter size-full wp-image-2261\" src=\"https:\/\/www.halicfilmfest.org\/wp-content\/uploads\/2025\/12\/5.-Halic-Goldenhorn-Uluslararasi-Film-Festivalinde-Oduller-Sahiplerini-Buldu-7-1.jpg\" alt=\"\" width=\"1826\" height=\"1134\" srcset=\"https:\/\/www.halicfilmfest.org\/wp-content\/uploads\/2025\/12\/5.-Halic-Goldenhorn-Uluslararasi-Film-Festivalinde-Oduller-Sahiplerini-Buldu-7-1.jpg 1826w, https:\/\/www.halicfilmfest.org\/wp-content\/uploads\/2025\/12\/5.-Halic-Goldenhorn-Uluslararasi-Film-Festivalinde-Oduller-Sahiplerini-Buldu-7-1-300x186.jpg 300w, https:\/\/www.halicfilmfest.org\/wp-content\/uploads\/2025\/12\/5.-Halic-Goldenhorn-Uluslararasi-Film-Festivalinde-Oduller-Sahiplerini-Buldu-7-1-1024x636.jpg 1024w, https:\/\/www.halicfilmfest.org\/wp-content\/uploads\/2025\/12\/5.-Halic-Goldenhorn-Uluslararasi-Film-Festivalinde-Oduller-Sahiplerini-Buldu-7-1-768x477.jpg 768w, https:\/\/www.halicfilmfest.org\/wp-content\/uploads\/2025\/12\/5.-Halic-Goldenhorn-Uluslararasi-Film-Festivalinde-Oduller-Sahiplerini-Buldu-7-1-1536x954.jpg 1536w\" sizes=\"auto, (max-width: 1826px) 100vw, 1826px\" \/><\/p>\n","protected":false},"excerpt":{"rendered":"<p>Halic Goldenhorn International Film Festival &amp; Film Market\u200b &nbsp; The Hali\u00e7 Goldenhorn International Film Festival aims to encourage the development of Turkish cinema, contribute to its international promotion, and serve as a bridge for bringing high-quality productions to our country. At the same time, the festival seeks to create a new platform for cinema by [&hellip;]<\/p>\n","protected":false},"author":1,"featured_media":0,"parent":0,"menu_order":0,"comment_status":"closed","ping_status":"closed","template":"","meta":{"site-sidebar-layout":"default","site-content-layout":"default","ast-site-content-layout":"default","site-content-style":"default","site-sidebar-style":"default","ast-global-header-display":"","ast-banner-title-visibility":"","ast-main-header-display":"","ast-hfb-above-header-display":"","ast-hfb-below-header-display":"","ast-hfb-mobile-header-display":"","site-post-title":"","ast-breadcrumbs-content":"","ast-featured-img":"","footer-sml-layout":"","theme-transparent-header-meta":"default","adv-header-id-meta":"","stick-header-meta":"","header-above-stick-meta":"","header-main-stick-meta":"","header-below-stick-meta":"","astra-migrate-meta-layouts":"set","ast-page-background-enabled":"default","ast-page-background-meta":{"desktop":{"background-color":"","background-image":"","background-repeat":"repeat","background-position":"center center","background-size":"auto","background-attachment":"scroll","background-type":"","background-media":"","overlay-type":"","overlay-color":"","overlay-opacity":"","overlay-gradient":""},"tablet":{"background-color":"","background-image":"","background-repeat":"repeat","background-position":"center center","background-size":"auto","background-attachment":"scroll","background-type":"","background-media":"","overlay-type":"","overlay-color":"","overlay-opacity":"","overlay-gradient":""},"mobile":{"background-color":"","background-image":"","background-repeat":"repeat","background-position":"center center","background-size":"auto","background-attachment":"scroll","background-type":"","background-media":"","overlay-type":"","overlay-color":"","overlay-opacity":"","overlay-gradient":""}},"ast-content-background-meta":{"desktop":{"background-color":"var(--ast-global-color-5)","background-image":"","background-repeat":"repeat","background-position":"center center","background-size":"auto","background-attachment":"scroll","background-type":"","background-media":"","overlay-type":"","overlay-color":"","overlay-opacity":"","overlay-gradient":""},"tablet":{"background-color":"var(--ast-global-color-5)","background-image":"","background-repeat":"repeat","background-position":"center center","background-size":"auto","background-attachment":"scroll","background-type":"","background-media":"","overlay-type":"","overlay-color":"","overlay-opacity":"","overlay-gradient":""},"mobile":{"background-color":"var(--ast-global-color-5)","background-image":"","background-repeat":"repeat","background-position":"center center","background-size":"auto","background-attachment":"scroll","background-type":"","background-media":"","overlay-type":"","overlay-color":"","overlay-opacity":"","overlay-gradient":""}},"footnotes":""},"class_list":["post-180","page","type-page","status-publish","hentry"],"_links":{"self":[{"href":"https:\/\/www.halicfilmfest.org\/index.php\/wp-json\/wp\/v2\/pages\/180","targetHints":{"allow":["GET"]}}],"collection":[{"href":"https:\/\/www.halicfilmfest.org\/index.php\/wp-json\/wp\/v2\/pages"}],"about":[{"href":"https:\/\/www.halicfilmfest.org\/index.php\/wp-json\/wp\/v2\/types\/page"}],"author":[{"embeddable":true,"href":"https:\/\/www.halicfilmfest.org\/index.php\/wp-json\/wp\/v2\/users\/1"}],"replies":[{"embeddable":true,"href":"https:\/\/www.halicfilmfest.org\/index.php\/wp-json\/wp\/v2\/comments?post=180"}],"version-history":[{"count":198,"href":"https:\/\/www.halicfilmfest.org\/index.php\/wp-json\/wp\/v2\/pages\/180\/revisions"}],"predecessor-version":[{"id":2275,"href":"https:\/\/www.halicfilmfest.org\/index.php\/wp-json\/wp\/v2\/pages\/180\/revisions\/2275"}],"wp:attachment":[{"href":"https:\/\/www.halicfilmfest.org\/index.php\/wp-json\/wp\/v2\/media?parent=180"}],"curies":[{"name":"wp","href":"https:\/\/api.w.org\/{rel}","templated":true}]}}