{"id":175,"date":"2020-08-15T13:22:39","date_gmt":"2020-08-15T10:22:39","guid":{"rendered":"http:\/\/halicgoldenhorn.org\/?page_id=175"},"modified":"2026-01-04T13:31:56","modified_gmt":"2026-01-04T10:31:56","slug":"ana-sayfa","status":"publish","type":"page","link":"https:\/\/www.halicfilmfest.org\/","title":{"rendered":"Ana Sayfa"},"content":{"rendered":"<p><img loading=\"lazy\" decoding=\"async\" class=\"aligncenter\" src=\"https:\/\/www.halicfilmfest.org\/wp-content\/uploads\/2020\/08\/DSC05160-1024x680.png\" sizes=\"auto, (max-width: 1024px) 100vw, 1024px\" srcset=\"https:\/\/www.halicfilmfest.org\/wp-content\/uploads\/2020\/08\/DSC05160-1024x680.png 1024w, https:\/\/www.halicfilmfest.org\/wp-content\/uploads\/2020\/08\/DSC05160-300x199.png 300w, https:\/\/www.halicfilmfest.org\/wp-content\/uploads\/2020\/08\/DSC05160-768x510.png 768w, https:\/\/www.halicfilmfest.org\/wp-content\/uploads\/2020\/08\/DSC05160.png 1029w\" alt=\"\" width=\"1024\" height=\"680\" \/><\/p>\n<p><strong>Hali\u00e7 Goldenhorn Uluslararas\u0131 Film Festivali, <\/strong>T\u00fcrk sinemas\u0131n\u0131n geli\u015fimini te\u015fvik etmeyi, uluslararas\u0131 alanda tan\u0131t\u0131m\u0131na katk\u0131 sa\u011flamay\u0131 ve nitelikli yap\u0131mlar\u0131n \u00fclkemize gelmesine arac\u0131l\u0131k etmeyi hedeflemektedir. Festival, ayn\u0131 zamanda sinemam\u0131za yeni bir mecra kazand\u0131rarak ba\u011f\u0131ms\u0131z ve yarat\u0131c\u0131 \u00fcretimleri desteklemeyi ama\u00e7lamaktad\u0131r.<\/p>\n<p>Avrasya b\u00f6lgesinde sinema d\u00fcnyas\u0131n\u0131n merkezi olmay\u0131 hedefleyen festivalimiz, d\u00fcnya sinemas\u0131n\u0131n temsilcilerini ayn\u0131 \u00e7at\u0131 alt\u0131nda bulu\u015fturmay\u0131 ama\u00e7lamaktad\u0131r. Ba\u011f\u0131ms\u0131z sineman\u0131n korunmas\u0131 ad\u0131na, d\u00fcnyadaki hik\u00e2ye anlat\u0131m\u0131n\u0131n sanatsal g\u00fcc\u00fcn\u00fc g\u00f6r\u00fcn\u00fcr k\u0131lmak; farkl\u0131 k\u00fclt\u00fcrleri, bak\u0131\u015f a\u00e7\u0131lar\u0131n\u0131 ve bilgiyi payla\u015fmak i\u00e7in g\u00fc\u00e7l\u00fc bir bulu\u015fma alan\u0131 olu\u015fturmaktad\u0131r.<\/p>\n<p>Bir\u00e7ok topluluk orta\u011f\u0131m\u0131z\u0131n deste\u011fiyle, ba\u011f\u0131ms\u0131z sinemay\u0131 yaln\u0131zca sanatsal de\u011fil; ayn\u0131 zamanda <strong>k\u00fclt\u00fcrel, ekonomik ve e\u011fitsel<\/strong> bir de\u011fer olarak g\u00f6rmekte ve bu do\u011frultuda s\u00fcrd\u00fcr\u00fclebilir bir sinema ekosistemi yaratmay\u0131 hedeflemekteyiz.<\/p>\n<p><a href=\"https:\/\/filmfreeway.com\/HalicGoldenhornFilmFestMarket\" target=\"_blank\" rel=\"noopener\"><br \/>\n<img loading=\"lazy\" decoding=\"async\" class=\"aligncenter\" src=\"https:\/\/www.halicfilmfest.org\/wp-content\/uploads\/2020\/08\/submissionbutton.png\" sizes=\"auto, (max-width: 526px) 100vw, 526px\" srcset=\"https:\/\/www.halicfilmfest.org\/wp-content\/uploads\/2020\/08\/submissionbutton.png 526w, https:\/\/www.halicfilmfest.org\/wp-content\/uploads\/2020\/08\/submissionbutton-300x116.png 300w\" alt=\"\" width=\"526\" height=\"204\" \/> <\/a><br \/>\n<a href=\"https:\/\/filmmakers.festhome.com\/festival\/7487\" target=\"_blank\" rel=\"noopener\"><br \/>\n<img loading=\"lazy\" decoding=\"async\" class=\"aligncenter\" src=\"https:\/\/www.halicfilmfest.org\/wp-content\/uploads\/2022\/09\/festhome.png\" alt=\"\" width=\"243\" height=\"105\" \/> <\/a><br \/>\n<a href=\"https:\/\/www.wfcn.co\/festival\/Halic-Goldenhorn-Film-Fest\" target=\"_blank\" rel=\"noopener\"><br \/>\n<img loading=\"lazy\" decoding=\"async\" class=\"aligncenter\" src=\"https:\/\/www.halicfilmfest.org\/wp-content\/uploads\/2025\/01\/WFCN-logo.png\" sizes=\"auto, (max-width: 408px) 100vw, 408px\" srcset=\"https:\/\/www.halicfilmfest.org\/wp-content\/uploads\/2025\/01\/WFCN-logo.png 408w, https:\/\/www.halicfilmfest.org\/wp-content\/uploads\/2025\/01\/WFCN-logo-300x90.png 300w\" alt=\"\" width=\"408\" height=\"123\" \/> <\/a><\/p>\n<p>&nbsp;<\/p>\n<h2 style=\"text-align: center;\"><a href=\"https:\/\/www.halicfilmfest.org\/index.php\/oduller-2025\/\" target=\"_blank\" rel=\"noopener\"><strong>5.\u00a0 Hali\u00e7 Goldenhorn <\/strong><strong>Uluslararas\u0131<\/strong>\u00a0<strong>Film Festivali<\/strong> <strong>\u00d6d\u00fclleri\u00a0<\/strong><\/a><\/h2>\n<p>&nbsp;<\/p>\n<p><img loading=\"lazy\" decoding=\"async\" class=\"aligncenter wp-image-2121\" src=\"https:\/\/www.halicfilmfest.org\/wp-content\/uploads\/2025\/11\/1-1.jpg\" alt=\"\" width=\"690\" height=\"862\" srcset=\"https:\/\/www.halicfilmfest.org\/wp-content\/uploads\/2025\/11\/1-1.jpg 1086w, https:\/\/www.halicfilmfest.org\/wp-content\/uploads\/2025\/11\/1-1-240x300.jpg 240w, https:\/\/www.halicfilmfest.org\/wp-content\/uploads\/2025\/11\/1-1-820x1024.jpg 820w, https:\/\/www.halicfilmfest.org\/wp-content\/uploads\/2025\/11\/1-1-768x959.jpg 768w\" sizes=\"auto, (max-width: 690px) 100vw, 690px\" \/><\/p>\n<p>&nbsp;<\/p>\n<h3 style=\"text-align: center;\"><strong>5. Uluslararas\u0131 Hali\u00e7 GoldenHorn Film Festivali \u00d6d\u00fclleri<\/strong><\/h3>\n<p>&nbsp;<\/p>\n<h4 style=\"text-align: center;\"><strong>Uzun Metraj Kurmaca \/ Narrative Feature<\/strong><\/h4>\n<p style=\"text-align: center;\"><strong>En iyi film \/ Best Film<\/strong><br \/>\nWhere There is Love \/ Narrative Feature \/ Stevan Lee Mroavitch \/ France<\/p>\n<p style=\"text-align: center;\"><strong>En iyi y\u00f6netmen \/ Best Director<\/strong><br \/>\nWater Lilies \/ Narrative Feature \/ Chanho Lee \/South Korea<\/p>\n<p style=\"text-align: center;\"><strong>En iyi Senaryo \/ Best Script<\/strong><br \/>\nWater Lilies \/ Narrative Feature \/ Jungbum Park \/ South Korea<\/p>\n<p style=\"text-align: center;\"><strong>En \u0130yi G\u00f6r\u00fcnt\u00fc Y\u00f6netmeni \/ Best Cinematography<\/strong><br \/>\nMotherland \/ Narrative Feature \/ Konstantin Esadze \/ Azerbaijan<\/p>\n<p style=\"text-align: center;\"><strong>En iyi Erkek oyuncu \/ Best Actor<\/strong><br \/>\nWhere There is Love\/ Narrative Feature \/ Oumar Diaw \/ France<\/p>\n<p style=\"text-align: center;\"><strong>En \u0130yi Kad\u0131n Oyuncu \/ Best Actress<\/strong><br \/>\nCast Aside The Clouds \/ Narrative Feature \/ Behtash Fazlali \/ Canada<\/p>\n<p style=\"text-align: center;\"><strong>En iyi Kurgu \/ Best Editing<\/strong><br \/>\nWater Lilies \/ Narrative Feature \/ Hyunjoo Jo \/ South Korea<\/p>\n<p style=\"text-align: center;\"><strong>En \u0130yi Sanat Y\u00f6netmeni \/ Best Art Director<\/strong><br \/>\nSeek \/ Narrative Feature \/ Kayano Asano \/ Japan<\/p>\n<p style=\"text-align: center;\"><strong>En iyi M\u00fczik \/ Best Music<\/strong><br \/>\nWhere There is Love \/ Narrative Feature \/ Nicolas Jovovic \/ France<\/p>\n<p style=\"text-align: center;\"><strong>J\u00fcri \u00f6zel \u00f6d\u00fcl\u00fc \/ Jury Special Award<\/strong><br \/>\nKay\u0131k\u00e7\u0131 \/ Narrative Feature \/ Eren \u00d6zsan \/ Turkey<\/p>\n<p style=\"text-align: center;\"><strong>Akademik \u00d6d\u00fcl\u00fc &#8211; Academic Award<\/strong><br \/>\nMotherland \/ Narrative Feature \/ Ilgar Safat \/ Azerbaijan<\/p>\n<p style=\"text-align: center;\"><strong>Avrasya \u00f6zel \u00f6d\u00fcl\u00fc \/ Eurasia Special Award<\/strong><br \/>\nG\u00fcnd\u00fcz ve Gece \/ Narrative Feature \/ Ali Alt\u0131n\u00f6z \/ Turkey<\/p>\n<h4 style=\"text-align: center;\"><strong>K\u0131safilm Kurmaca \/ Narrative Short Feature<\/strong><\/h4>\n<p style=\"text-align: center;\"><strong>En iyi Film \/ Best Film<\/strong><br \/>\nA film by Roland Wehap \/ Narrative Short Feature \/ Roland Wehap \/ Austria<\/p>\n<p style=\"text-align: center;\"><strong>Juri \u00f6zel \u00f6d\u00fcl\u00fc \/ Jury special prize<\/strong><br \/>\nSevim ile Kiraz \/ Narrative Short Feature \/ Asena Y\u0131ld\u0131r\u0131m \/ Turkey<\/p>\n<h4 style=\"text-align: center;\"><strong>Belgesel Uzun Metraj \/ Documentary Feature<\/strong><\/h4>\n<p style=\"text-align: center;\"><strong>En iyi Film \/ Best Film<\/strong><br \/>\nSearching for Rodakis \/ Documentary Feature \/ Saim Kerem Soyy\u0131lmaz \/ Turkey<\/p>\n<p style=\"text-align: center;\"><strong>Juri \u00f6zel \u00f6d\u00fcl\u00fc \/ Jury special prize<\/strong><br \/>\nMother of Snow Cranes \/ Documentary Feature \/ Iris Harma \/ Finland<\/p>\n<p>&nbsp;<\/p>\n<h4 style=\"text-align: center;\"><strong>Belgesel K\u0131safilm \/ Documentary Short Film<\/strong><\/h4>\n<p style=\"text-align: center;\"><strong>En iyi Film \/ Best Film<\/strong><br \/>\nKahin \/ Short Documentary \/ \u015e\u00fckr\u00fc G\u00fcrsoy\/ Turkey<\/p>\n<p style=\"text-align: center;\"><strong>J\u00fcri \u00d6zel \u00d6d\u00fcl\u00fc \/ Special Jury Award<\/strong><br \/>\nWhat We Carried \/ Short Documentary \/ Carolina Pereira \/ Palestine<\/p>\n<p>&nbsp;<\/p>\n<h4 style=\"text-align: center;\"><strong>Deneysel K\u0131safilm \/ Experimental Short Films<\/strong><\/h4>\n<p style=\"text-align: center;\"><strong>En iyi Film \/ Best Film<\/strong><br \/>\nWait \/ Experimental Short Films \/ Ekrem \u00c7\u0131\u011f\u0131r \/ Turkey<\/p>\n<p style=\"text-align: center;\"><strong>J\u00fcri \u00d6zel \u00d6d\u00fcl\u00fc \/ Special Jury Award<\/strong><br \/>\nChthonic \/ Experimental Short Films \/ Tremayne Lamont \/ United States<\/p>\n<p>&nbsp;<\/p>\n<h3 style=\"text-align: center;\"><a href=\"https:\/\/www.halicfilmfest.org\/wp-content\/uploads\/2025\/12\/Festival-Programi-3.pdf\">Festival Program\u0131 \u0130\u00e7in T\u0131klay\u0131n\u0131z<\/a><\/h3>\n<p style=\"text-align: center;\"><a href=\"https:\/\/www.imdb.com\/user\/ur115641667\/\" target=\"_blank\" rel=\"noopener\"><img loading=\"lazy\" decoding=\"async\" class=\"aligncenter\" src=\"https:\/\/www.halicfilmfest.org\/wp-content\/uploads\/2020\/08\/79-791147_transparent-imdb-logo-2-imdb-icon-hd-png-300x164.png\" sizes=\"auto, (max-width: 300px) 100vw, 300px\" srcset=\"https:\/\/www.halicfilmfest.org\/wp-content\/uploads\/2020\/08\/79-791147_transparent-imdb-logo-2-imdb-icon-hd-png-300x164.png 300w, https:\/\/www.halicfilmfest.org\/wp-content\/uploads\/2020\/08\/79-791147_transparent-imdb-logo-2-imdb-icon-hd-png-768x420.png 768w, https:\/\/www.halicfilmfest.org\/wp-content\/uploads\/2020\/08\/79-791147_transparent-imdb-logo-2-imdb-icon-hd-png.png 860w\" alt=\"\" width=\"300\" height=\"164\" \/> <\/a><br \/>\n<a href=\"https:\/\/filmfreeway.com\/HalicGoldenhornFilmFestMarket\" target=\"_blank\" rel=\"noopener\"><br \/>\n<img loading=\"lazy\" decoding=\"async\" class=\"aligncenter\" src=\"https:\/\/www.halicfilmfest.org\/wp-content\/uploads\/2020\/08\/submissionbutton.png\" sizes=\"auto, (max-width: 526px) 100vw, 526px\" srcset=\"https:\/\/www.halicfilmfest.org\/wp-content\/uploads\/2020\/08\/submissionbutton.png 526w, https:\/\/www.halicfilmfest.org\/wp-content\/uploads\/2020\/08\/submissionbutton-300x116.png 300w\" alt=\"\" width=\"526\" height=\"204\" \/> <\/a><br \/>\n<a href=\"https:\/\/filmmakers.festhome.com\/festival\/7487\" target=\"_blank\" rel=\"noopener\"><br \/>\n<img loading=\"lazy\" decoding=\"async\" class=\"aligncenter\" src=\"https:\/\/www.halicfilmfest.org\/wp-content\/uploads\/2022\/09\/festhome.png\" alt=\"\" width=\"243\" height=\"105\" \/> <\/a><\/p>\n<p>&nbsp;<\/p>\n<p><img loading=\"lazy\" decoding=\"async\" class=\"aligncenter size-full wp-image-2259\" src=\"https:\/\/www.halicfilmfest.org\/wp-content\/uploads\/2025\/12\/5.-Halic-Goldenhorn-Uluslararasi-Film-Festivalinde-Oduller-Sahiplerini-Buldu-7.jpg\" alt=\"\" width=\"1826\" height=\"1134\" srcset=\"https:\/\/www.halicfilmfest.org\/wp-content\/uploads\/2025\/12\/5.-Halic-Goldenhorn-Uluslararasi-Film-Festivalinde-Oduller-Sahiplerini-Buldu-7.jpg 1826w, https:\/\/www.halicfilmfest.org\/wp-content\/uploads\/2025\/12\/5.-Halic-Goldenhorn-Uluslararasi-Film-Festivalinde-Oduller-Sahiplerini-Buldu-7-300x186.jpg 300w, https:\/\/www.halicfilmfest.org\/wp-content\/uploads\/2025\/12\/5.-Halic-Goldenhorn-Uluslararasi-Film-Festivalinde-Oduller-Sahiplerini-Buldu-7-1024x636.jpg 1024w, https:\/\/www.halicfilmfest.org\/wp-content\/uploads\/2025\/12\/5.-Halic-Goldenhorn-Uluslararasi-Film-Festivalinde-Oduller-Sahiplerini-Buldu-7-768x477.jpg 768w, https:\/\/www.halicfilmfest.org\/wp-content\/uploads\/2025\/12\/5.-Halic-Goldenhorn-Uluslararasi-Film-Festivalinde-Oduller-Sahiplerini-Buldu-7-1536x954.jpg 1536w\" sizes=\"auto, (max-width: 1826px) 100vw, 1826px\" \/><\/p>\n<p>&nbsp;<\/p>\n<h4 style=\"text-align: center;\"><\/h4>\n","protected":false},"excerpt":{"rendered":"<p>Hali\u00e7 Goldenhorn Uluslararas\u0131 Film Festivali, T\u00fcrk sinemas\u0131n\u0131n geli\u015fimini te\u015fvik etmeyi, uluslararas\u0131 alanda tan\u0131t\u0131m\u0131na katk\u0131 sa\u011flamay\u0131 ve nitelikli yap\u0131mlar\u0131n \u00fclkemize gelmesine arac\u0131l\u0131k etmeyi hedeflemektedir. Festival, ayn\u0131 zamanda sinemam\u0131za yeni bir mecra kazand\u0131rarak ba\u011f\u0131ms\u0131z ve yarat\u0131c\u0131 \u00fcretimleri desteklemeyi ama\u00e7lamaktad\u0131r. Avrasya b\u00f6lgesinde sinema d\u00fcnyas\u0131n\u0131n merkezi olmay\u0131 hedefleyen festivalimiz, d\u00fcnya sinemas\u0131n\u0131n temsilcilerini ayn\u0131 \u00e7at\u0131 alt\u0131nda bulu\u015fturmay\u0131 ama\u00e7lamaktad\u0131r. Ba\u011f\u0131ms\u0131z sineman\u0131n [&hellip;]<\/p>\n","protected":false},"author":1,"featured_media":0,"parent":0,"menu_order":0,"comment_status":"closed","ping_status":"closed","template":"","meta":{"site-sidebar-layout":"default","site-content-layout":"default","ast-site-content-layout":"default","site-content-style":"default","site-sidebar-style":"default","ast-global-header-display":"","ast-banner-title-visibility":"","ast-main-header-display":"","ast-hfb-above-header-display":"","ast-hfb-below-header-display":"","ast-hfb-mobile-header-display":"","site-post-title":"","ast-breadcrumbs-content":"","ast-featured-img":"","footer-sml-layout":"","theme-transparent-header-meta":"default","adv-header-id-meta":"","stick-header-meta":"","header-above-stick-meta":"","header-main-stick-meta":"","header-below-stick-meta":"","astra-migrate-meta-layouts":"set","ast-page-background-enabled":"default","ast-page-background-meta":{"desktop":{"background-color":"","background-image":"","background-repeat":"repeat","background-position":"center center","background-size":"auto","background-attachment":"scroll","background-type":"","background-media":"","overlay-type":"","overlay-color":"","overlay-opacity":"","overlay-gradient":""},"tablet":{"background-color":"","background-image":"","background-repeat":"repeat","background-position":"center center","background-size":"auto","background-attachment":"scroll","background-type":"","background-media":"","overlay-type":"","overlay-color":"","overlay-opacity":"","overlay-gradient":""},"mobile":{"background-color":"","background-image":"","background-repeat":"repeat","background-position":"center center","background-size":"auto","background-attachment":"scroll","background-type":"","background-media":"","overlay-type":"","overlay-color":"","overlay-opacity":"","overlay-gradient":""}},"ast-content-background-meta":{"desktop":{"background-color":"var(--ast-global-color-5)","background-image":"","background-repeat":"repeat","background-position":"center center","background-size":"auto","background-attachment":"scroll","background-type":"","background-media":"","overlay-type":"","overlay-color":"","overlay-opacity":"","overlay-gradient":""},"tablet":{"background-color":"var(--ast-global-color-5)","background-image":"","background-repeat":"repeat","background-position":"center center","background-size":"auto","background-attachment":"scroll","background-type":"","background-media":"","overlay-type":"","overlay-color":"","overlay-opacity":"","overlay-gradient":""},"mobile":{"background-color":"var(--ast-global-color-5)","background-image":"","background-repeat":"repeat","background-position":"center center","background-size":"auto","background-attachment":"scroll","background-type":"","background-media":"","overlay-type":"","overlay-color":"","overlay-opacity":"","overlay-gradient":""}},"footnotes":""},"class_list":["post-175","page","type-page","status-publish","hentry"],"_links":{"self":[{"href":"https:\/\/www.halicfilmfest.org\/index.php\/wp-json\/wp\/v2\/pages\/175","targetHints":{"allow":["GET"]}}],"collection":[{"href":"https:\/\/www.halicfilmfest.org\/index.php\/wp-json\/wp\/v2\/pages"}],"about":[{"href":"https:\/\/www.halicfilmfest.org\/index.php\/wp-json\/wp\/v2\/types\/page"}],"author":[{"embeddable":true,"href":"https:\/\/www.halicfilmfest.org\/index.php\/wp-json\/wp\/v2\/users\/1"}],"replies":[{"embeddable":true,"href":"https:\/\/www.halicfilmfest.org\/index.php\/wp-json\/wp\/v2\/comments?post=175"}],"version-history":[{"count":398,"href":"https:\/\/www.halicfilmfest.org\/index.php\/wp-json\/wp\/v2\/pages\/175\/revisions"}],"predecessor-version":[{"id":2298,"href":"https:\/\/www.halicfilmfest.org\/index.php\/wp-json\/wp\/v2\/pages\/175\/revisions\/2298"}],"wp:attachment":[{"href":"https:\/\/www.halicfilmfest.org\/index.php\/wp-json\/wp\/v2\/media?parent=175"}],"curies":[{"name":"wp","href":"https:\/\/api.w.org\/{rel}","templated":true}]}}