{"id":14,"date":"2020-08-13T12:22:50","date_gmt":"2020-08-13T09:22:50","guid":{"rendered":"http:\/\/halicgoldenhorn.org\/?page_id=14"},"modified":"2026-01-04T14:33:19","modified_gmt":"2026-01-04T11:33:19","slug":"basvuru","status":"publish","type":"page","link":"https:\/\/www.halicfilmfest.org\/index.php\/basvuru\/","title":{"rendered":"Ba\u015fvuru"},"content":{"rendered":"\n\t\t\t\t<a href=\"https:\/\/filmmakers.festhome.com\/festival\/7487\" target=\"_blank\" rel=\"noopener\"  itemprop=\"url\">\n\t\t\t\t<img loading=\"lazy\" decoding=\"async\" src=\"https:\/\/www.halicfilmfest.org\/wp-content\/uploads\/2022\/09\/festhome.png\" alt=\"festhome\" itemprop=\"image\" height=\"105\" width=\"243\" title=\"festhome\" onerror=\"this.style.display='none'\"  \/>\n\t\t\t\t<\/a>\n\t\t\t\t<a href=\"https:\/\/www.imdb.com\/user\/ur115641667\/\" target=\"_blank\" rel=\"noopener\"  itemprop=\"url\">\n\t\t\t\t<img loading=\"lazy\" decoding=\"async\" src=\"https:\/\/www.halicfilmfest.org\/wp-content\/uploads\/2020\/08\/79-791147_transparent-imdb-logo-2-imdb-icon-hd-png-300x164.png\" alt=\"79-791147_transparent-imdb-logo-2-imdb-icon-hd-png\" itemprop=\"image\" height=\"164\" width=\"300\" title=\"79-791147_transparent-imdb-logo-2-imdb-icon-hd-png\" onerror=\"this.style.display='none'\"  \/>\n\t\t\t\t<\/a>\n\t\t\t\t<a href=\"https:\/\/filmfreeway.com\/HalicGoldenhornFilmFestMarket\" target=\"_blank\" rel=\"noopener\"  itemprop=\"url\">\n\t\t\t\t<img loading=\"lazy\" decoding=\"async\" src=\"https:\/\/www.halicfilmfest.org\/wp-content\/uploads\/2020\/08\/submissionbutton.png\" alt=\"submission+button\" itemprop=\"image\" height=\"204\" width=\"526\" title=\"submission+button\" onerror=\"this.style.display='none'\"  \/>\n\t\t\t\t<\/a>\n\t<h3><strong>6. Halic Goldenhorn Uluslararas\u0131 Film Festivali\u00a0<\/strong><\/h3>\n<h3><strong>Yar\u0131\u015fma Y\u00f6netmeli\u011fi\u00a0<\/strong><\/h3>\n<h3><strong>Son Ba\u015fvuru Tarihi 1 Kas\u0131m 2026<\/strong><\/h3>\n<h4><strong>Ama\u00e7<\/strong><strong>\u00a0<\/strong><\/h4>\n<p>Hali\u00e7 Goldenhorn Uluslararas\u0131 Film Festivali &amp; Film Market; T\u00fcrk sinemas\u0131n\u0131n geli\u015fimini te\u015fvik etmeye, Uluslararas\u0131 alanda tan\u0131t\u0131m\u0131na katk\u0131da bulunmaya ve kaliteli yap\u0131mlar\u0131n \u00fclkemize gelmesine arac\u0131l\u0131k etmeyi ama\u00e7 edinen Hali\u00e7 Goldenhorn Uluslararas\u0131 Film Festivali, T\u00fcrk sinemas\u0131na yeni bir mecra kazad\u0131rmay\u0131 ama\u00e7l\u0131yor.<\/p>\n<h3><strong>Yar\u0131\u015fma Tarihi<\/strong><\/h3>\n<p>\u00a0\u00a0\u00a0\u00a0\u00a0\u00a0\u00a0\u00a0\u00a0\u00a0\u00a0 <strong>Halic Goldenhorn Uluslararas\u0131 Film Festivali<\/strong> Film Yar\u0131\u015fmas\u0131 <strong>1 &#8211; 6 Aral\u0131k 2026<\/strong><strong><\/strong><strong> \u00a0<\/strong>tarihleri aras\u0131nda yap\u0131lacakt\u0131r. \u00d6d\u00fcller <strong>6 Aral\u0131k <\/strong><strong>2026 tarihindeki Kapan\u0131\u015f<\/strong> \u00a0t\u00f6renimizde a\u00e7\u0131klanacakt\u0131r.<\/p>\n<h3><strong>Festival Y\u00f6netimi<\/strong><\/h3>\n<p><strong>Halic Goldenhorn Uluslararas\u0131 Film Festivali<\/strong>; Fotofilm K\u00fclt\u00fcr Sanat ve Ansam K\u00fclt\u00fcr Derne\u011fi taraf\u0131ndan d\u00fczenlenmekte, K\u00fclt\u00fcr Turizm Bakanl\u0131\u011f\u0131 ve yerel <strong>Belediyeler<\/strong> taraf\u0131ndan desteklenmektedir.\u00a0<\/p>\n<h3>\u00a0<strong>Organizasyon Birimleri <\/strong><\/h3>\n<ul>\n<li>Festival Genel Koordinat\u00f6rl\u00fc\u011f\u00fc<\/li>\n<li>Yard\u0131mc\u0131 Koordinat\u00f6rl\u00fckler<\/li>\n<li>Hizmet gruplar\u0131<\/li>\n<\/ul>\n<h3><strong>Yar\u0131\u015fmaya Kat\u0131l\u0131m Ko\u015fullar\u0131<\/strong>\u00a0<\/h3>\n<p><strong>Yar\u0131\u015fmaya Kat\u0131lacak Filmlerin \u00d6zellikleri<\/strong><\/p>\n<ul>\n<li>Yar\u0131\u015fmaya,\u00a0<strong>1 Kasim 2025 <\/strong>tarihinden\u00a0sonra tamamlanm\u0131\u015f ve <strong>Halic Goldenhorn Uluslararas\u0131 Film Festivali<\/strong>\u2019ne daha \u00f6nce ba\u015fvuruda bulunmam\u0131\u015f Filmler kat\u0131labilir.<\/li>\n<\/ul>\n<p>Festivalin resmi g\u00f6sterim format\u0131 DCP\u2019dir. Yar\u0131\u015fmaya se\u00e7ilen filmlerin teknik yeterlili\u011fe sahip g\u00f6sterim kopyalar\u0131, Festival ileti\u015fim adresine DCP (Dijital Sinema Paketi) olarak g\u00f6nderilecektir. DCP kopyalar\u0131n ve filmin 5 adet bas\u0131l\u0131 afi\u015finin son teslim tarihi 20 Kas\u0131m 2026 Pazartesi\u2019dir. Kargo \u00fccreti yap\u0131mc\u0131 taraf\u0131ndan kar\u015f\u0131lan\u0131r.<\/p>\n<h3><strong>Yar\u0131\u015fma Filmlerinin G\u00f6sterime Sunulmas\u0131<\/strong><\/h3>\n<ul>\n<li>Yar\u0131\u015fmaya ba\u015fvuran filmler, \u00f6n de\u011ferlendirme yap\u0131labilmesi i\u00e7in Festival Kurulu\u2019nun izlemesine sunulur.<\/li>\n<\/ul>\n<ul>\n<li>Yar\u0131\u015fmada finale kalan filmler, <strong>1 &#8211; 6 Aral\u0131k 2026 <\/strong><strong><\/strong>tarihleri aras\u0131nda B\u00fcy\u00fck J\u00fcri\u2019nin, \u0130zleyici (Halk) J\u00fcrisi\u2019nin ve Sinemaseverlerin izleyebilmesi i\u00e7in \u0130stanbul&#8217;daki sinema salonlar\u0131nda \u00fccretli ya da \u00fccretsiz g\u00f6sterilir. G\u00f6sterimlerden elde edilen gelir <strong>Halic Goldenhorn Uluslararas\u0131 Film Festivali<\/strong><strong>\u2019ne<\/strong> aittir. <strong>Halic Goldenhorn Uluslararas\u0131 Film Festivali<\/strong>, yar\u0131\u015fmaya kat\u0131lan filmlerle, festivalin tan\u0131t\u0131mlar\u0131 i\u00e7in \u00f6zel g\u00f6sterimler d\u00fczenleyebilir.<\/li>\n<\/ul>\n<h3><strong>Ba\u015fvuru Ko\u015fullar\u0131<\/strong><\/h3>\n<ul>\n<li>Yar\u0131\u015fmaya filmin yasal sahibi ba\u015fvurabilir. Filmin birden fazla yasal sahibi varsa, ba\u015fvuru belgesinde di\u011fer yasal sahiplerinin de imzas\u0131 olmal\u0131 ya da ba\u015fvuru belgesine ek olarak filmin di\u011fer yasal sahiplerinin filmin yar\u0131\u015fmaya kat\u0131lmas\u0131 konusundaki onaylar\u0131n\u0131 bildirir imzal\u0131 bir yaz\u0131 eklenmelidir.<\/li>\n<li>Ba\u015fvuru sahibi, ba\u015fvuru i\u00e7in t\u00fcm yetkinin kendisinde oldu\u011funu, konuyla ilgili t\u00fcm kurum ve kurulu\u015flardan gerekli izinlerin al\u0131nd\u0131\u011f\u0131n\u0131 belgeleyebilir durumda olmal\u0131d\u0131r.<\/li>\n<\/ul>\n<h3><strong>Son Ba\u015fvuru Tarihi<\/strong><\/h3>\n<p>Yar\u0131\u015fmaya kat\u0131l\u0131m i\u00e7in <strong>son ba\u015fvuru tarihi <\/strong><strong>1 Kas\u0131m 2026 <\/strong>Bu tarihten sonra yap\u0131lacak ba\u015fvurular kabul edilmez.<\/p>\n<ul>\n<li>Yar\u0131\u015fmaya kat\u0131lmak isteyenler ba\u015fvuru formunu doldurarak, ba\u015fvuran\u0131n imzas\u0131yla son ba\u015fvuru tarihine kadar Festival Merkezi\u2019ne ula\u015ft\u0131rmal\u0131d\u0131r. (Ba\u015fvuru formunun imzal\u0131 asl\u0131 mutlaka festival merkezine ula\u015ft\u0131r\u0131lmal\u0131d\u0131r.)<\/li>\n<\/ul>\n<ul>\n<li>Festivale ba\u015fvuran filmlerin DVD kopyalar\u0131 iade edilmez. Festival ar\u015fivinde saklan\u0131r.<\/li>\n<\/ul>\n<h3><strong>Filmlerin G\u00f6sterim S\u00fcresi<\/strong><\/h3>\n<p>Yar\u0131\u015fmaya kat\u0131lmak i\u00e7in ba\u015fvuran filmler <strong>1 -6 Aral\u0131k 2026<\/strong><strong> <\/strong>tarihleri aras\u0131nda festival programlar\u0131nda g\u00f6sterimde tutulur; bu uygulama i\u00e7in ayr\u0131ca izin talep edilmez. Yar\u0131\u015fmaya kat\u0131lmak i\u00e7in m\u00fcracaat eden yap\u0131mc\u0131, bu ba\u015fvurusuyla, belirtilen hususu kabul ve taahh\u00fct etmi\u015f say\u0131l\u0131r.<\/p>\n<ul>\n<li>Filmlerin DCP kopyalar\u0131, festival bitim tarihi olan <strong>6 Aral\u0131k 2026<\/strong><strong> <\/strong>tarihinden sonra ba\u015fvuru formunda belirtilen yap\u0131mc\u0131 \u015firket adresine g\u00f6nderilecektir.<\/li>\n<\/ul>\n<h3><strong>Ba\u015fvuru Formu \u0130le Birlikte Verilecek Belge Ve Tan\u0131t\u0131m Malzemeleri<\/strong><\/h3>\n<ul>\n<li>Filmin k\u00fcnyesi<\/li>\n<\/ul>\n<ul>\n<li>Filmin eser i\u015fletme belgesi<\/li>\n<\/ul>\n<ul>\n<li>Filmin 1200 karakteri (12 punto bo\u015fluklu) ge\u00e7meyen \u00f6zeti (T\u00fcrk\u00e7e ve \u0130ngilizce)<\/li>\n<\/ul>\n<ul>\n<li>Y\u00f6netmenin 1000 karakteri (12 punto bo\u015fluklu) ge\u00e7meyen biyografisi ve filmografisi(T\u00fcrk\u00e7e ve \u0130ngilizce)<\/li>\n<li>Y\u00f6netmenin foto\u011fraflar\u0131 (JPG format\u0131nda 300 DPI)<\/li>\n<li>Filmden 10 adet foto\u011fraf (JPG format\u0131nda 300 DPI)<\/li>\n<\/ul>\n<ul>\n<li>Filmin dijital ortamda afi\u015fi (JPG format\u0131nda 300 DPI)<\/li>\n<li>Filmin varsa kat\u0131ld\u0131\u011f\u0131 festival ve kazand\u0131\u011f\u0131 \u00f6d\u00fcllerin listesi (T\u00fcrk\u00e7e ve \u0130ngilizce)<\/li>\n<\/ul>\n<ul>\n<li>Time Code\u2019lu \u0130ngilizce diyalog listesi<\/li>\n<li>T\u00fcrk\u00e7e d\u0131\u015f\u0131nda bir dil kullan\u0131lm\u0131\u015fsa Time Code\u2019lu T\u00fcrk\u00e7e diyalog listesi<\/li>\n<li>Festival Organizasyonu, uygun \u00f6zelliklerde tan\u0131t\u0131m fragman\u0131 g\u00f6nderilmemesi durumunda, tan\u0131t\u0131m ama\u00e7l\u0131 olmak \u00fczere, filmden en \u00e7ok 3 (\u00fc\u00e7) dakikal\u0131k bir b\u00f6l\u00fcm\u00fc kullanma hakk\u0131na sahiptir.<\/li>\n<\/ul>\n<ul>\n<li>Filmin izleme linki<\/li>\n<li>Ba\u015fvuru formun imzalanm\u0131\u015f kopyas\u0131<\/li>\n<li>Festival katalo\u011fu, altyaz\u0131 \u00e7evirisi ve filmin tan\u0131t\u0131m\u0131 i\u00e7in gerekli olan yukar\u0131daki malzemeleri, eksiksiz doldurulmu\u015f ve imzalanm\u0131\u015f ba\u015fvuru formu ile birlikte iletiniz.<\/li>\n<\/ul>\n<ul>\n<li>\n<h4>Yar\u0131\u015fmaya ba\u015fvuran filmler i\u00e7in istenen ba\u015fvuru malzemeleri iade edilmez.<\/h4>\n<\/li>\n<\/ul>\n<ul>\n<li><strong>\u00d6n elemeyi ge\u00e7en filmler: <\/strong>Filmlerin DCP kopyalar\u0131n ve filmin 5 adet bas\u0131l\u0131 afi\u015finin son teslim tarihi 20 Kas\u0131m 2026. Kargo \u00fccreti yap\u0131mc\u0131 taraf\u0131ndan kar\u015f\u0131lan\u0131r. Festival merkezine g\u00f6ndermeniz gerekmektedir.<\/li>\n<\/ul>\n<h3><strong>\u00d6zel Ko\u015fullar:<\/strong><\/h3>\n<p><strong>\u00a0<\/strong>Ba\u015fvuru belgesinde yaz\u0131l\u0131 t\u00fcm bilgilerin do\u011frulu\u011fu, imzalayan ki\u015fiyi ba\u011flar.\u00a0\u00a0<strong>Halic Goldenhorn Uluslararas\u0131 Film Festivali<\/strong> y\u00f6netimi ba\u015fvuru formundaki bilgilerin do\u011frulu\u011funu ara\u015ft\u0131rmak zorunda de\u011fildir. Bu bilgiler nedeniyle do\u011fabilecek hukuksal sorumluluk imza sahibine aittir.<\/p>\n<ul>\n<li>Yar\u0131\u015fmaya kat\u0131lan filmler, <strong>Halic Goldenhorn Uluslararas\u0131 Film Festivali<\/strong> y\u00f6netimi taraf\u0131ndan Festival s\u00fcresince \u0130stanbul sinemalar\u0131nda ve\/veya a\u00e7\u0131k hava mek\u00e2nlar\u0131nda, \u00fccretli ya da \u00fccretsiz g\u00f6sterilebilir. G\u00f6sterilerden elde edilen gelirler <strong>Halic Goldenhorn Uluslararas\u0131 Film Festivali<\/strong> y\u00f6netimine aittir. Festival y\u00f6netimi tan\u0131t\u0131m amac\u0131yla, \u0130stanbul&#8217;da yar\u0131\u015fma filmlerine \u00f6zel g\u00f6sterimler d\u00fczenleyebilir. Festival s\u00fcresince yap\u0131lan t\u00fcm (TV hari\u00e7) g\u00f6sterimler i\u00e7in, yap\u0131mc\u0131dan ve yarat\u0131c\u0131dan herhangi bir izin al\u0131nmaz.<\/li>\n<li>Festivalde yar\u0131\u015fan filmlerin yap\u0131mc\u0131 ve yarat\u0131c\u0131 ekibi, festival y\u00f6netiminin belirledi\u011fi say\u0131da ve tarihlerde festivale davet edilerek, konuk edilir. Bu durumda filmin davetlileri, Festival y\u00f6netiminin belirleyece\u011fi g\u00f6sterilere, film galalar\u0131na, s\u00f6yle\u015filere, \u00f6d\u00fcl t\u00f6renlerine, \u00f6zel medya r\u00f6portajlar\u0131na ve bas\u0131n toplant\u0131lar\u0131na kat\u0131larak filmlerini temsil eder.<\/li>\n<li>Festivalde \u00f6d\u00fcl kazanan filmlerin yap\u0131mc\u0131lar\u0131 ve yarat\u0131c\u0131lar\u0131 yay\u0131nlad\u0131klar\u0131 bas\u0131n b\u00fcltenlerinde ve gazete ilanlar\u0131nda ve her t\u00fcrl\u00fc tan\u0131t\u0131m materyalinde <strong>Halic Goldenhorn Uluslararas\u0131 Film Festivali<\/strong>&#8216;nde ald\u0131klar\u0131 \u00f6d\u00fcl\u00fc festivalin logosuyla birlikte belirtmekle y\u00fck\u00fcml\u00fcd\u00fcr.<\/li>\n<\/ul>\n<h3><strong>J\u00dcR\u0130LER\u0130N OLU\u015eUMU VE \u00c7ALI\u015eMASI<\/strong><\/h3>\n<p><strong>\u00d6n J\u00fcri:<\/strong><\/p>\n<ul>\n<li>\u00d6n de\u011ferlendirme Festival Dan\u0131\u015fma Kurulu taraf\u0131ndan yerine getirilir. Festival\u2019de B\u00fcy\u00fck J\u00fcri\u2019nin nihai de\u011ferlendirmesine sunulacak 10 filmi Festival Dan\u0131\u015fma Kurulu belirler. Kurul, Festival koordinat\u00f6rleri ve dan\u0131\u015fmanlar\u0131ndan olu\u015fur.<\/li>\n<li>Post-prod\u00fcksiyonu devam eden filmlerin yap\u0131mc\u0131lar\u0131, ba\u015fvuru tarihinde filmin tamamlanmam\u0131\u015f kopyas\u0131ndan bir DVD bast\u0131rarak \u00f6n j\u00fcrinin de\u011ferlendirmesine sunabilir. \u0130stisnai durumlarda Festival Y\u00f6netimi, post-prod\u00fcksiyonu devam eden filmlerin kopyalar\u0131n\u0131n teslim tarihine esneklik getirebilir.<\/li>\n<\/ul>\n<ul>\n<li>\u00d6n de\u011ferlendirme \u00e7al\u0131\u015fmas\u0131 en ge\u00e7 <strong>1 Kas\u0131m 2026<\/strong> tarihine kadar tamamlan\u0131r, nihai de\u011ferlendirmeye kalacak 10 film belirlenir.<\/li>\n<\/ul>\n<ul>\n<li>\u00d6n elemeden ge\u00e7en filmler <strong>15 Kas\u0131m 2026<\/strong> tarihinde festivalin sayfas\u0131nda duyurulacakt\u0131r.<\/li>\n<\/ul>\n<h3><strong>\u00a0\u00a0\u00a0\u00a0\u00a0\u00a0\u00a0\u00a0\u00a0\u00a0\u00a0 Ana J\u00fcri:<\/strong><\/h3>\n<ul>\n<li>Yar\u0131\u015fma Filmleri Ana J\u00fcrisi en az 5 \u00fcyeden olu\u015fur. Ana J\u00fcrilerin yap\u0131s\u0131na ve bu yap\u0131ya uygun isimlere Festival Y\u00f6netimi karar verir. Bununla birlikte J\u00fcri Ba\u015fkan\u0131\u2019n\u0131 da Festival Y\u00f6netimi belirler. Yar\u0131\u015fmada filmi bulunan (yap\u0131mc\u0131, y\u00f6netmen, oyuncu, vb.) ve Festival Y\u00f6netimi\u2019nde yer alan ki\u015filer Ana J\u00fcri \u00fcyesi olamaz.<\/li>\n<li>Ana J\u00fcri, bu y\u00f6netmeli\u011fin &#8220;\u00d6d\u00fcl Kategorileri \u201cne ait t\u00fcm kategorilerdeki \u00f6d\u00fclleri belirler.<\/li>\n<li><strong>En \u0130yi Sinema Filmi \u00f6d\u00fcl\u00fc payla\u015ft\u0131r\u0131lamaz.<\/strong><\/li>\n<li>Ana J\u00fcri de\u011ferlendirmesi sonunda, e\u015fitlik halinde ba\u015fkan\u0131n oyu 2 oy say\u0131l\u0131r.<\/li>\n<li>Festival Y\u00f6netimi ya da g\u00f6revlendirece\u011fi bir temsilci, y\u00f6nteme ili\u015fkin sorunlar\u0131n \u00e7\u00f6z\u00fcmlenmesinde yard\u0131mc\u0131 olmak amac\u0131yla oy hakk\u0131 bulunmaks\u0131z\u0131n Ana J\u00fcri toplant\u0131lar\u0131na kat\u0131l\u0131r.<\/li>\n<li>Ana J\u00fcri, Festival Y\u00f6netimi\u2019nin belirledi\u011fi film izleme program\u0131na uyar. Bu planlamaya g\u00f6re, Ana J\u00fcri\u2019nin karar toplant\u0131s\u0131n\u0131n hangi g\u00fcn ve saatte yap\u0131laca\u011f\u0131 ve sonu\u00e7lar\u0131n hangi g\u00fcn ve saatte Festival Y\u00f6netimi\u2019ne teslim edilece\u011fi, Festival Y\u00f6netimi taraf\u0131ndan belirlenir.<\/li>\n<li>Ana J\u00fcri, sonu\u00e7lar\u0131 a\u00e7\u0131klamadan \u00f6nce, b\u00fct\u00fcn \u00fcyelerin imzalam\u0131\u015f oldu\u011fu gerek\u00e7eli karar tutanaklar\u0131n\u0131 Festival Y\u00f6netimi&#8217;ne teslim etmekle ve sonu\u00e7lar\u0131 \u00f6d\u00fcl t\u00f6reni sonuna kadar sakl\u0131 tutmakla y\u00fck\u00fcml\u00fcd\u00fcr.<\/li>\n<\/ul>\n<h3><strong>\u00d6d\u00fcl Kategorileri<\/strong><\/h3>\n<ul>\n<li>En iyi film \/ Best Film<\/li>\n<li>En iyi y\u00f6netmen \/ Best Director<\/li>\n<li>En iyi senaryo \/ Best Script \u00a0<\/li>\n<li>En \u0130yi G\u00f6r\u00fcnt\u00fc Y\u00f6netmeni \/ Best Cinematography<\/li>\n<li>En iyi Erkek oyuncu \/ Best Actor<\/li>\n<li>En \u0130yi Kad\u0131n \/ Best Actress<\/li>\n<li>En iyi Kurgu \/ Best Editing &#8211;<\/li>\n<li>En iyi M\u00fczik \/ Best Films Music<\/li>\n<li>En iyi Sanat Y\u00f6netmeni \/ Best Art Director<\/li>\n<li>J\u00fcri \u00f6zel \u00f6d\u00fcl\u00fc \/ Jury Special Award<\/li>\n<li>Seyirci \u00d6zel \u00d6d\u00fcl\u00fc \/ Special Audience Award<\/li>\n<li>Avrasya \u00f6zel \u00f6d\u00fcl\u00fc \/ Eurasia Special Award<\/li>\n<\/ul>\n<h3><strong>Genel H\u00fck\u00fcmler:<\/strong><\/h3>\n<ul>\n<li>Yar\u0131\u015fmaya kat\u0131lan t\u00fcm yap\u0131mc\u0131lar ve yarat\u0131c\u0131lar bu y\u00f6netmelikte yer alan hususlar\u0131 kabul etmi\u015f say\u0131l\u0131rlar.<\/li>\n<li>Ba\u015fvuru yap\u0131ld\u0131ktan sonra adaylar filmlerini geri \u00e7ekemezler.<\/li>\n<li>Bu y\u00f6netmelikte belirlenmeyen di\u011fer hususlarda, karar yetkisi Festival Y\u00f6netimine aittir.<\/li>\n<li>Bu y\u00f6netmelikte her t\u00fcrl\u00fc de\u011fi\u015fiklik hakk\u0131 Festival Y\u00f6netimi\u2019ne aittir.<\/li>\n<\/ul>\n<p>HGFF komitesi, yeterli say\u0131da ba\u015fvuru olmayan kategorileri yar\u0131\u015fmaya a\u00e7mayabilir veya bir di\u011fer kategori ile birle\u015ftirebilir.<\/p>\n<p>HGFF\u2019de yar\u0131\u015fma ve \u00f6zel g\u00f6sterim olmak \u00fczere iki g\u00f6sterim t\u00fcr\u00fc vard\u0131r. Hangi filmin hangi t\u00fcrde g\u00f6sterime girece\u011fi festival j\u00fcrisi ve komitesi taraf\u0131ndan belirlenir.<\/p>\n\t\t\t\t<img decoding=\"async\" src=\"https:\/\/www.halicfilmfest.org\/wp-content\/plugins\/bb-plugin\/img\/pixel.png\" alt=\"\" itemprop=\"image\" onerror=\"this.style.display='none'\"  \/>\n\t\t\t\t<a href=\"https:\/\/www.halicfilmfest.org\/wp-content\/uploads\/2021\/01\/Fotofilmfest-Logo2.png\" target=\"_blank\" rel=\"noopener\"  itemprop=\"url\">\n\t\t\t\t<img loading=\"lazy\" decoding=\"async\" src=\"https:\/\/www.halicfilmfest.org\/wp-content\/uploads\/2021\/01\/Fotofilmfest-Logo2.png\" alt=\"Fotofilmfest-Logo2\" itemprop=\"image\" height=\"1414\" width=\"6082\" title=\"Fotofilmfest-Logo2\" onerror=\"this.style.display='none'\"  \/>\n\t\t\t\t<\/a>\n\t\t\t\t<img decoding=\"async\" src=\"https:\/\/www.halicfilmfest.org\/wp-content\/plugins\/bb-plugin\/img\/pixel.png\" alt=\"\" itemprop=\"image\" onerror=\"this.style.display='none'\"  \/>\n","protected":false},"excerpt":{"rendered":"<p>6. Halic Goldenhorn Uluslararas\u0131 Film Festivali\u00a0 Yar\u0131\u015fma Y\u00f6netmeli\u011fi\u00a0 Son Ba\u015fvuru Tarihi 1 Kas\u0131m 2026 Ama\u00e7\u00a0 Hali\u00e7 Goldenhorn Uluslararas\u0131 Film Festivali &amp; Film Market; T\u00fcrk sinemas\u0131n\u0131n geli\u015fimini te\u015fvik etmeye, Uluslararas\u0131 alanda tan\u0131t\u0131m\u0131na katk\u0131da bulunmaya ve kaliteli yap\u0131mlar\u0131n \u00fclkemize gelmesine arac\u0131l\u0131k etmeyi ama\u00e7 edinen Hali\u00e7 Goldenhorn Uluslararas\u0131 Film Festivali, T\u00fcrk sinemas\u0131na yeni bir mecra kazad\u0131rmay\u0131 ama\u00e7l\u0131yor. Yar\u0131\u015fma [&hellip;]<\/p>\n","protected":false},"author":1,"featured_media":0,"parent":0,"menu_order":0,"comment_status":"closed","ping_status":"closed","template":"","meta":{"site-sidebar-layout":"default","site-content-layout":"default","ast-site-content-layout":"default","site-content-style":"default","site-sidebar-style":"default","ast-global-header-display":"","ast-banner-title-visibility":"","ast-main-header-display":"","ast-hfb-above-header-display":"","ast-hfb-below-header-display":"","ast-hfb-mobile-header-display":"","site-post-title":"","ast-breadcrumbs-content":"","ast-featured-img":"","footer-sml-layout":"","theme-transparent-header-meta":"default","adv-header-id-meta":"","stick-header-meta":"","header-above-stick-meta":"","header-main-stick-meta":"","header-below-stick-meta":"","astra-migrate-meta-layouts":"default","ast-page-background-enabled":"default","ast-page-background-meta":{"desktop":{"background-color":"","background-image":"","background-repeat":"repeat","background-position":"center center","background-size":"auto","background-attachment":"scroll","background-type":"","background-media":"","overlay-type":"","overlay-color":"","overlay-opacity":"","overlay-gradient":""},"tablet":{"background-color":"","background-image":"","background-repeat":"repeat","background-position":"center center","background-size":"auto","background-attachment":"scroll","background-type":"","background-media":"","overlay-type":"","overlay-color":"","overlay-opacity":"","overlay-gradient":""},"mobile":{"background-color":"","background-image":"","background-repeat":"repeat","background-position":"center center","background-size":"auto","background-attachment":"scroll","background-type":"","background-media":"","overlay-type":"","overlay-color":"","overlay-opacity":"","overlay-gradient":""}},"ast-content-background-meta":{"desktop":{"background-color":"var(--ast-global-color-5)","background-image":"","background-repeat":"repeat","background-position":"center center","background-size":"auto","background-attachment":"scroll","background-type":"","background-media":"","overlay-type":"","overlay-color":"","overlay-opacity":"","overlay-gradient":""},"tablet":{"background-color":"var(--ast-global-color-5)","background-image":"","background-repeat":"repeat","background-position":"center center","background-size":"auto","background-attachment":"scroll","background-type":"","background-media":"","overlay-type":"","overlay-color":"","overlay-opacity":"","overlay-gradient":""},"mobile":{"background-color":"var(--ast-global-color-5)","background-image":"","background-repeat":"repeat","background-position":"center center","background-size":"auto","background-attachment":"scroll","background-type":"","background-media":"","overlay-type":"","overlay-color":"","overlay-opacity":"","overlay-gradient":""}},"footnotes":""},"class_list":["post-14","page","type-page","status-publish","hentry"],"_links":{"self":[{"href":"https:\/\/www.halicfilmfest.org\/index.php\/wp-json\/wp\/v2\/pages\/14","targetHints":{"allow":["GET"]}}],"collection":[{"href":"https:\/\/www.halicfilmfest.org\/index.php\/wp-json\/wp\/v2\/pages"}],"about":[{"href":"https:\/\/www.halicfilmfest.org\/index.php\/wp-json\/wp\/v2\/types\/page"}],"author":[{"embeddable":true,"href":"https:\/\/www.halicfilmfest.org\/index.php\/wp-json\/wp\/v2\/users\/1"}],"replies":[{"embeddable":true,"href":"https:\/\/www.halicfilmfest.org\/index.php\/wp-json\/wp\/v2\/comments?post=14"}],"version-history":[{"count":128,"href":"https:\/\/www.halicfilmfest.org\/index.php\/wp-json\/wp\/v2\/pages\/14\/revisions"}],"predecessor-version":[{"id":2302,"href":"https:\/\/www.halicfilmfest.org\/index.php\/wp-json\/wp\/v2\/pages\/14\/revisions\/2302"}],"wp:attachment":[{"href":"https:\/\/www.halicfilmfest.org\/index.php\/wp-json\/wp\/v2\/media?parent=14"}],"curies":[{"name":"wp","href":"https:\/\/api.w.org\/{rel}","templated":true}]}}