{"id":1088,"date":"2022-12-07T21:13:26","date_gmt":"2022-12-07T18:13:26","guid":{"rendered":"https:\/\/www.halicgoldenhorn.org\/?page_id=1088"},"modified":"2024-07-01T05:00:18","modified_gmt":"2024-07-01T02:00:18","slug":"awards-2023","status":"publish","type":"page","link":"https:\/\/www.halicfilmfest.org\/index.php\/en\/awards-2023\/","title":{"rendered":"Awards 2023"},"content":{"rendered":"\n\t<p><strong>3th Halic GoldenHorn International Film Festival Awards <\/strong><\/p>\n<p>3th International Hali\u00e7 Goldenhorn Film Festival, organized by Fotofilm Culture Art and Ansam Culture Association between 05 &#8211; 08 December 2023, found its awards at the ceremony held at Fatih Cultural Center on 05 December at 19.00, hosted by Fatih Municipality.<\/p>\n<p>Academician Assoc. Jury members, producers, directors, actors and movie lovers attended the night hosted by Beg\u00fcm Aylin \u00d6nder.<\/p>\nWelcome speech by Festival President Mehmet Oflazo\u011flu;<br \/>\nHali\u00e7 Goldenhorn International Film Festival, which aims to encourage the development of Turkish cinema, contribute to its promotion internationally and mediate the bringing of quality productions to our country, aims to bring a new medium to Turkish cinema.<br \/>\nWe would like to thank you, the cinema lovers, who did not leave us alone, the Participants, Fatih Municipality for hosting, Fatih Mayor Mr. Mehmet Erg\u00fcn Turan, the Jury Board and everyone who watched and stood by us. Long live Cinema!\n<p>Festival Founding President &#8211; Mehmet Oflazo\u011flu, Festival Director &#8211; Sabri Saydam, Poster Design &#8211; Bilgehan Aras <\/p>\n<p>3th International Hali\u00e7 Film Festival Main Jury Members; Jury President Engin Ay\u00e7a, Director Nathan Buck, Director Abdou El Mesnaoui Nassib, Director Narges Abyar, Producer Director Mehmet G\u00fclery\u00fcz, Director Academician Ceyhan Kandemir, Director Can Ulkay<\/p>\n<p>Belgesel film juri \u00fcyeleri; Akademisyen, y\u00f6netmen \u00dcmit Sari, y\u00f6netmen Kamran Rasoolzadeh, Gazeteci, Y\u00f6netmen Maria Gavriilidi, Akademisyen, y\u00f6netmen, yap\u0131mc\u0131 Zehra Yi\u011fit, Y\u00f6netmen Aysun Aky\u00fcz<\/p>\n<p>Documentary film jury members; Academician, director \u00dcmit Sari, director Kamran Rasoolzadeh, Journalist, Director Maria Gavriilidi, Academician, director, producer Zehra Yi\u011fit, Director Aysun Aky\u00fcz Ortaklar\u0131m\u0131z sayesinde, b\u00fct\u00e7eden en \u00fcst seviyeye kadar her tercihe ve b\u00fct\u00e7eye uygun <a href=\"https:\/\/www.high-endrolex.com\/\">ties<\/a> \u00e7evrimi\u00e7i olarak bulabilirsiniz s\u00fcper \u015f\u0131k modeller.<\/p>\n<p>Short Film, Animation and Experimental Film jury members; Edited by: Ahmet Alan, Photo Artist Ljdia Musso, Director Giuseppe Arcieri, Journalist, Writer, Academician Dr. Hakan Salih Dikmen, Ay\u015fe Erbulak (Actor-Writer-Translator)<\/p>\n<p>Academic award; The award will be given by academicians, who evaluate cinema works with their technical and theoretical features in order to provide scientific and lasting contributions, and reward them on the condition that they adhere to the basic structure of cinema.<\/p>\n<p>Academic award jury members; Prof. dr. Okan Ormanl\u0131, Prof.Dr. Deniz Yengin, Assoc. Dr. Beg\u00fcm Aylin \u00d6nder, Assoc. Dr. Kenan Duman, Dr. Lecturer Member Rabia Zamur Tuncer<\/p>\n<p><strong>3th International Halic GoldenHorn Film Festival Awards<\/strong><\/p>\n<p><strong>Uzun Metraj Kurmaca \/ Narrative Feature <\/strong><\/p>\n<strong>En iyi film \/ Best Film<\/strong><br \/>\nAyn\u0131 Masan\u0131n Etraf\u0131nda \/ Narrative Feature \/ Zeynep \u00dcst\u00fcnipek\n<strong>En iyi y\u00f6netmen \/ Best Director <\/strong><br \/>\nTebess\u00fcm \/ Narrative Feature \/ Sezgin Cengiz- \u015eiyar Gedik \/  Turkey\n<strong>En iyi senaryo \/ Best Script  <\/strong><br \/>\nAyn\u0131 Masan\u0131n Etraf\u0131nda \/ Narrative Feature \/ Zeynep \u00dcst\u00fcnipek &#038;  Burak Kum\n<strong>En \u0130yi G\u00f6r\u00fcnt\u00fc Y\u00f6netmeni \/ Best Cinematography <\/strong><br \/>\nPush Pause \/ Narrative Feature \/ Ryuto Iwabuchi  \/  Japan\n<strong>En iyi Erkek oyuncu \/ Best Actor <\/strong><br \/>\nTebess\u00fcm \/ Narrative Feature \/ Onur Buldu  \/ Turkey\n<strong>En \u0130yi Kad\u0131n oyuncu \/ Best Actress <\/strong><br \/>\nPush Pause \/ Narrative Feature \/ Nairu Yamamoto  \/  Japan\n<strong>En iyi Kurgu \/ Best Editing <\/strong><br \/>\nAyn\u0131 Masan\u0131n Etraf\u0131nda \/ Narrative Feature \/ Zeynep \u00dcst\u00fcnipek &#038;  Burak Kum\n<strong>En \u0130yi Sanat Y\u00f6netmeni \/ Best Art Director<\/strong><br \/>\nDitO \/ Narrative Feature \/ Dan Fernandez \/ Japan \n<strong>J\u00fcri \u00f6zel \u00f6d\u00fcl\u00fc \/ Jury Special Award<\/strong><br \/>\nLe r\u00e9veil de l&#8217;instinct \/ Narrative Feature \/ Abdelwaheb Bouden  \/ Tunisia\n<strong>Seyirci \u00d6zel \u00d6d\u00fcl\u00fc \/ Special Audience Award<\/strong><br \/>\nVirane \/ Narrative Feature \/ \u0130lkan Devrim Dinc \/ Turkey \n<strong>Akademik \u00d6d\u00fcl\u00fc &#8211; Academic Award <\/strong><br \/>\nTebess\u00fcm \/ Narrative Feature \/ Sezgin Cengiz- \u015eiyar Gedik \/  Turkey\n<p><strong>K\u0131safilm Kurmaca \/ Narrative Short Feature<\/strong><\/p>\n<strong>En \u0130yi Film \/ Best film<\/strong><br \/>\nThe Nocturne \/ Narrative Short Feature \/ Fan Xun Lilac \/ Singapore   \n<strong>J\u00fcri \u00d6zel \u00d6d\u00fcl\u00fc \/ Special Jury Prize<\/strong><br \/>\nOn the Road  \/ Narrative Short Feature \/ \u00d6zge U\u00e7ar \u00c7\u0131\u011f\u015far \/ Turkey<br \/>\n                                                                                                                                                                                                                                                                                                                                                                                                                  <strong>Belgesel Uzun Metraj \/ Documentary Feature<\/strong>\n<strong>En \u0130yi Film \/ Best film<\/strong><br \/>\nThe moment remains \/ Documentary Feature \/ Ebru \u015eeremetli \/ Turkey \n<strong>J\u00fcri \u00d6zel \u00d6d\u00fcl\u00fc \/ Special Jury Prize<\/strong><br \/>\nI set my eyes on the mountain \/ Documentary Feature \/ Serdar G\u00fcven \/ Turkey<br \/>\n Anne T\u00fcrkler geliyor &#8220;\u0130ki Tarih Aras\u0131nda&#8221;\/ Documentary Feature \/ Kurtulu\u015f \u00d6zgen &#038; Hasan \u00d6zgen \/ Turkey \n<p><strong>Belgesel K\u0131safilm  \/ Documentary Short Film<\/strong><\/p>\n<strong>En \u0130yi Film \/ Best film<\/strong><br \/>\nThe Best Day In My Life \/ Short Documentary \/ Semih Sa\u011fman \/ Turkey\n<strong>J\u00fcri \u00d6zel \u00d6d\u00fcl\u00fc \/ Special Jury Award<\/strong><br \/>\nI am Kanaka \/ Short Documentary \/ Genevieve Sulway \/ United Kingdom<br \/>\nUmutsuz bir kad\u0131n hikayesi \/ Short Documentary \/ Mehmet Akif Ers\u00f6z \/ Turkey\n<p><strong>Deneysel K\u0131safilm  \/  Experimental  Short Films<\/strong><\/p>\n<strong>En \u0130yi Film \/ Best film<\/strong><br \/>\nKnife, Chocolate \/ Experimental  Short Films \/ Hooshmand Varaei \/ Iran\n<strong>J\u00fcri \u00d6zel \u00d6d\u00fcl\u00fc \/ Special Jury Prize<\/strong><br \/>\nMy Digital Truth \/ Experimental  Short Films \/ Swen Werner \/ United Kingdom\n<p><strong>Animasyon K\u0131safilm  \/  Animation  Short Films<\/strong><\/p>\n<strong>En \u0130yi Film \/ Best film<\/strong><br \/>\nWald \/ Animation Short Films \/ Christian Groen \/ United States \n<strong>J\u00fcri \u00d6zel \u00d6d\u00fcl\u00fc \/ Special Jury Prize<\/strong><br \/>\nShakespeare for all Ages \/ Animation Short Films \/ Hannes Rall \/ Germany\n","protected":false},"excerpt":{"rendered":"<p>3th Halic GoldenHorn International Film Festival Awards 3th International Hali\u00e7 Goldenhorn Film Festival, organized by Fotofilm Culture Art and Ansam Culture Association between 05 &#8211; 08 December 2023, found its awards at the ceremony held at Fatih Cultural Center on 05 December at 19.00, hosted by Fatih Municipality. Academician Assoc. Jury members, producers, directors, actors [&hellip;]<\/p>\n","protected":false},"author":1,"featured_media":0,"parent":0,"menu_order":0,"comment_status":"closed","ping_status":"closed","template":"","meta":{"site-sidebar-layout":"default","site-content-layout":"default","ast-site-content-layout":"default","site-content-style":"default","site-sidebar-style":"default","ast-global-header-display":"","ast-banner-title-visibility":"","ast-main-header-display":"","ast-hfb-above-header-display":"","ast-hfb-below-header-display":"","ast-hfb-mobile-header-display":"","site-post-title":"","ast-breadcrumbs-content":"","ast-featured-img":"","footer-sml-layout":"","theme-transparent-header-meta":"default","adv-header-id-meta":"","stick-header-meta":"","header-above-stick-meta":"","header-main-stick-meta":"","header-below-stick-meta":"","astra-migrate-meta-layouts":"default","ast-page-background-enabled":"default","ast-page-background-meta":{"desktop":{"background-color":"","background-image":"","background-repeat":"repeat","background-position":"center center","background-size":"auto","background-attachment":"scroll","background-type":"","background-media":"","overlay-type":"","overlay-color":"","overlay-opacity":"","overlay-gradient":""},"tablet":{"background-color":"","background-image":"","background-repeat":"repeat","background-position":"center center","background-size":"auto","background-attachment":"scroll","background-type":"","background-media":"","overlay-type":"","overlay-color":"","overlay-opacity":"","overlay-gradient":""},"mobile":{"background-color":"","background-image":"","background-repeat":"repeat","background-position":"center center","background-size":"auto","background-attachment":"scroll","background-type":"","background-media":"","overlay-type":"","overlay-color":"","overlay-opacity":"","overlay-gradient":""}},"ast-content-background-meta":{"desktop":{"background-color":"var(--ast-global-color-5)","background-image":"","background-repeat":"repeat","background-position":"center center","background-size":"auto","background-attachment":"scroll","background-type":"","background-media":"","overlay-type":"","overlay-color":"","overlay-opacity":"","overlay-gradient":""},"tablet":{"background-color":"var(--ast-global-color-5)","background-image":"","background-repeat":"repeat","background-position":"center center","background-size":"auto","background-attachment":"scroll","background-type":"","background-media":"","overlay-type":"","overlay-color":"","overlay-opacity":"","overlay-gradient":""},"mobile":{"background-color":"var(--ast-global-color-5)","background-image":"","background-repeat":"repeat","background-position":"center center","background-size":"auto","background-attachment":"scroll","background-type":"","background-media":"","overlay-type":"","overlay-color":"","overlay-opacity":"","overlay-gradient":""}},"footnotes":""},"class_list":["post-1088","page","type-page","status-publish","hentry"],"_links":{"self":[{"href":"https:\/\/www.halicfilmfest.org\/index.php\/wp-json\/wp\/v2\/pages\/1088","targetHints":{"allow":["GET"]}}],"collection":[{"href":"https:\/\/www.halicfilmfest.org\/index.php\/wp-json\/wp\/v2\/pages"}],"about":[{"href":"https:\/\/www.halicfilmfest.org\/index.php\/wp-json\/wp\/v2\/types\/page"}],"author":[{"embeddable":true,"href":"https:\/\/www.halicfilmfest.org\/index.php\/wp-json\/wp\/v2\/users\/1"}],"replies":[{"embeddable":true,"href":"https:\/\/www.halicfilmfest.org\/index.php\/wp-json\/wp\/v2\/comments?post=1088"}],"version-history":[{"count":6,"href":"https:\/\/www.halicfilmfest.org\/index.php\/wp-json\/wp\/v2\/pages\/1088\/revisions"}],"predecessor-version":[{"id":1713,"href":"https:\/\/www.halicfilmfest.org\/index.php\/wp-json\/wp\/v2\/pages\/1088\/revisions\/1713"}],"wp:attachment":[{"href":"https:\/\/www.halicfilmfest.org\/index.php\/wp-json\/wp\/v2\/media?parent=1088"}],"curies":[{"name":"wp","href":"https:\/\/api.w.org\/{rel}","templated":true}]}}